{"id":1354,"date":"2022-11-22T13:36:50","date_gmt":"2022-11-22T13:36:50","guid":{"rendered":"https:\/\/donnercanada.wpengine.com\/preservation-des-aires-marines-de-latlantique\/"},"modified":"2023-12-13T14:03:18","modified_gmt":"2023-12-13T14:03:18","slug":"preservation-des-aires-marines-de-latlantique","status":"publish","type":"page","link":"https:\/\/donner.ca\/fr\/preservation-des-aires-marines-de-latlantique\/","title":{"rendered":"Pr\u00e9servation des aires marines de l\u2019Atlantique"},"content":{"rendered":"\n<h1>\n\t\tSecteur de priorit\u00e9&nbsp;: Pr\u00e9servation des aires marines de l&rsquo;Atlantique\n\t<\/h1>\n    <a aria-label=\"Naviguer au contenu principal\" href=\"#main-content\">\n        <img decoding=\"async\" src=\"\/wp-content\/uploads\/Arrow-Down-Red.svg\" alt=\"\" \/>\n    <\/a>\n<h2>\n\t\tSoutenir des \u00e9cosyst\u00e8mes marins en bonne sant\u00e9, des \u00e9conomies durables et des communaut\u00e9s dynamiques\n\t<\/h2>\n\t<p>Depuis plus de 10 ans, la Fondation canadienne Donner soutient la pr\u00e9servation des aires marines de l&rsquo;Atlantique avec la conviction qu&rsquo;un oc\u00e9an en bonne sant\u00e9 permet une vie marine abondante, prot\u00e8ge les esp\u00e8ces et habitats vuln\u00e9rables, et contribue au dynamisme \u00e9conomique et social des communaut\u00e9s c\u00f4ti\u00e8res.<\/p>\n<p><strong>Les partenaires de la fondation dans ce travail sont :<\/strong><\/p>\n<ul>\n<li><a href=\"https:\/\/snapcanada.org\/\" target=\"_blank\" rel=\"noopener\">Soci\u00e9t\u00e9 pour la nature et les parcs du Canada<\/a><\/li>\n<li><a href=\"https:\/\/ecologyaction.ca\/\" target=\"_blank\" rel=\"noopener\">Ecology Action Centre (ENG)<\/a><\/li>\n<li><a href=\"https:\/\/environmentfunders.ca\/\" target=\"_blank\" rel=\"noopener\">Environment Funders Canada (ENG)<\/a><\/li>\n<li><a href=\"https:\/\/oceana.ca\/fr\/\" target=\"_blank\" rel=\"noopener\">Oceana Canada<\/a><\/li>\n<li><a href=\"https:\/\/www.oceansnorth.org\/fr\/?lang=fr\" target=\"_blank\" rel=\"noopener\">Oc\u00e9ans Nord<\/a><\/li>\n<li><a href=\"https:\/\/wwf.ca\/fr\/\" target=\"_blank\" rel=\"noopener\">World Wildlife Fund Canada<\/a><\/li>\n<\/ul>\n<p>Travaillant avec des p\u00eacheurs, le secteur priv\u00e9, les gouvernements, les communaut\u00e9s autochtones et autres parties prenantes, ces organisations ont contribu\u00e9 \u00e0 des victoires remarquables pour l&rsquo;Oc\u00e9an Atlantique.<\/p>\n<p>Ces \u00e9tapes majeures incluent une politique publique am\u00e9lior\u00e9e (une Loi sur les p\u00eaches modernis\u00e9e) ; des aires marines prot\u00e9g\u00e9es qui contribuent \u00e0 l&rsquo;objectif du Canada de prot\u00e9ger 25% des oc\u00e9ans du Canada d&rsquo;ici \u00e0 2025 et 30% d&rsquo;ici \u00e0 2030 ; et l&rsquo;engagement important du Canada envers les initiatives de conservation dirig\u00e9es par les Autochtones \u00e0 travers le Financement de projets pour la permanence.<\/p>\n<p>La fondation est fi\u00e8re de soutenir les avanc\u00e9es vers des oc\u00e9ans en bonne sant\u00e9, pour l&rsquo;int\u00e9r\u00eat du Canada et du monde.<\/p>\n\t\t\t<a href=\"https:\/\/donner.ca\/fr\/histoires-percutantes\/\" target=\"_self\" rel=\"noopener\">\n\t\t\t\t\t\t\tLisez toutes nos histoires percutantes\n\t\t\t\t\t<\/a>\n\t\t\t\t<img decoding=\"async\" src=\"https:\/\/\tdonner.ca\/wp-content\/uploads\/Large-Hero-Branches.svg\" alt=\"Large Hero Branches\" itemprop=\"image\" title=\"Large Hero Branches\" onerror=\"this.style.display='none'\"  \/>\n\n","protected":false},"excerpt":{"rendered":"<p>Secteur de priorit\u00e9&nbsp;: Pr\u00e9servation des aires marines de l&rsquo;Atlantique Soutenir des \u00e9cosyst\u00e8mes marins en bonne sant\u00e9, des \u00e9conomies durables et des communaut\u00e9s dynamiques Depuis plus de 10 ans, la Fondation canadienne Donner soutient la pr\u00e9servation des aires marines de l&rsquo;Atlantique avec la conviction qu&rsquo;un oc\u00e9an en bonne sant\u00e9 permet une vie marine abondante, prot\u00e8ge les&hellip;<\/p>\n","protected":false},"author":2,"featured_media":1024,"parent":0,"menu_order":0,"comment_status":"closed","ping_status":"closed","template":"","meta":{"_acf_changed":false,"inline_featured_image":false,"footnotes":""},"class_list":["post-1354","page","type-page","status-publish","has-post-thumbnail","hentry"],"acf":[],"yoast_head":"<!-- This site is optimized with the Yoast SEO plugin v27.4 - https:\/\/yoast.com\/product\/yoast-seo-wordpress\/ -->\n<title>Pr\u00e9servation des aires marines de l\u2019Atlantique - Donner Canadian Foundation<\/title>\n<meta name=\"description\" content=\"Depuis plus de 10 ans, la Fondation canadienne Donner soutient la pr\u00e9servation des aires marines de l\u2019Atlantique\" \/>\n<meta name=\"robots\" content=\"index, follow, max-snippet:-1, max-image-preview:large, max-video-preview:-1\" \/>\n<link rel=\"canonical\" href=\"https:\/\/donner.ca\/fr\/preservation-des-aires-marines-de-latlantique\/\" \/>\n<meta property=\"og:locale\" content=\"fr_FR\" \/>\n<meta property=\"og:type\" content=\"article\" \/>\n<meta property=\"og:title\" content=\"Pr\u00e9servation des aires marines de l\u2019Atlantique - Donner Canadian Foundation\" \/>\n<meta property=\"og:description\" content=\"Depuis plus de 10 ans, la Fondation canadienne Donner soutient la pr\u00e9servation des aires marines de l\u2019Atlantique\" \/>\n<meta property=\"og:url\" content=\"https:\/\/donner.ca\/fr\/preservation-des-aires-marines-de-latlantique\/\" \/>\n<meta property=\"og:site_name\" content=\"Donner Canadian Foundation\" \/>\n<meta property=\"article:modified_time\" content=\"2023-12-13T14:03:18+00:00\" \/>\n<meta property=\"og:image\" content=\"https:\/\/donner.ca\/wp-content\/uploads\/placeholder-red.jpg\" \/>\n\t<meta property=\"og:image:width\" content=\"280\" \/>\n\t<meta property=\"og:image:height\" content=\"280\" \/>\n\t<meta property=\"og:image:type\" content=\"image\/jpeg\" \/>\n<meta name=\"twitter:card\" content=\"summary_large_image\" \/>\n<meta name=\"twitter:label1\" content=\"Dur\u00e9e de lecture estim\u00e9e\" \/>\n\t<meta name=\"twitter:data1\" content=\"1 minute\" \/>\n<script type=\"application\/ld+json\" class=\"yoast-schema-graph\">{\"@context\":\"https:\\\/\\\/schema.org\",\"@graph\":[{\"@type\":\"WebPage\",\"@id\":\"https:\\\/\\\/donner.ca\\\/fr\\\/preservation-des-aires-marines-de-latlantique\\\/\",\"url\":\"https:\\\/\\\/donner.ca\\\/fr\\\/preservation-des-aires-marines-de-latlantique\\\/\",\"name\":\"Pr\u00e9servation des aires marines de l\u2019Atlantique - Donner Canadian Foundation\",\"isPartOf\":{\"@id\":\"https:\\\/\\\/donner.ca\\\/fr\\\/#website\"},\"primaryImageOfPage\":{\"@id\":\"https:\\\/\\\/donner.ca\\\/fr\\\/preservation-des-aires-marines-de-latlantique\\\/#primaryimage\"},\"image\":{\"@id\":\"https:\\\/\\\/donner.ca\\\/fr\\\/preservation-des-aires-marines-de-latlantique\\\/#primaryimage\"},\"thumbnailUrl\":\"https:\\\/\\\/donner.ca\\\/wp-content\\\/uploads\\\/placeholder-red.jpg\",\"datePublished\":\"2022-11-22T13:36:50+00:00\",\"dateModified\":\"2023-12-13T14:03:18+00:00\",\"description\":\"Depuis plus de 10 ans, la Fondation canadienne Donner soutient la pr\u00e9servation des aires marines de l\u2019Atlantique\",\"breadcrumb\":{\"@id\":\"https:\\\/\\\/donner.ca\\\/fr\\\/preservation-des-aires-marines-de-latlantique\\\/#breadcrumb\"},\"inLanguage\":\"fr-FR\",\"potentialAction\":[{\"@type\":\"ReadAction\",\"target\":[\"https:\\\/\\\/donner.ca\\\/fr\\\/preservation-des-aires-marines-de-latlantique\\\/\"]}]},{\"@type\":\"ImageObject\",\"inLanguage\":\"fr-FR\",\"@id\":\"https:\\\/\\\/donner.ca\\\/fr\\\/preservation-des-aires-marines-de-latlantique\\\/#primaryimage\",\"url\":\"https:\\\/\\\/donner.ca\\\/wp-content\\\/uploads\\\/placeholder-red.jpg\",\"contentUrl\":\"https:\\\/\\\/donner.ca\\\/wp-content\\\/uploads\\\/placeholder-red.jpg\",\"width\":280,\"height\":280},{\"@type\":\"BreadcrumbList\",\"@id\":\"https:\\\/\\\/donner.ca\\\/fr\\\/preservation-des-aires-marines-de-latlantique\\\/#breadcrumb\",\"itemListElement\":[{\"@type\":\"ListItem\",\"position\":1,\"name\":\"Home\",\"item\":\"https:\\\/\\\/donner.ca\\\/fr\\\/\"},{\"@type\":\"ListItem\",\"position\":2,\"name\":\"Pr\u00e9servation des aires marines de l\u2019Atlantique\"}]},{\"@type\":\"WebSite\",\"@id\":\"https:\\\/\\\/donner.ca\\\/fr\\\/#website\",\"url\":\"https:\\\/\\\/donner.ca\\\/fr\\\/\",\"name\":\"Donner Canadian Foundation\",\"description\":\"Philanthropy Rooted in Five Generations\",\"potentialAction\":[{\"@type\":\"SearchAction\",\"target\":{\"@type\":\"EntryPoint\",\"urlTemplate\":\"https:\\\/\\\/donner.ca\\\/fr\\\/?s={search_term_string}\"},\"query-input\":{\"@type\":\"PropertyValueSpecification\",\"valueRequired\":true,\"valueName\":\"search_term_string\"}}],\"inLanguage\":\"fr-FR\"}]}<\/script>\n<!-- \/ Yoast SEO plugin. -->","yoast_head_json":{"title":"Pr\u00e9servation des aires marines de l\u2019Atlantique - Donner Canadian Foundation","description":"Depuis plus de 10 ans, la Fondation canadienne Donner soutient la pr\u00e9servation des aires marines de l\u2019Atlantique","robots":{"index":"index","follow":"follow","max-snippet":"max-snippet:-1","max-image-preview":"max-image-preview:large","max-video-preview":"max-video-preview:-1"},"canonical":"https:\/\/donner.ca\/fr\/preservation-des-aires-marines-de-latlantique\/","og_locale":"fr_FR","og_type":"article","og_title":"Pr\u00e9servation des aires marines de l\u2019Atlantique - Donner Canadian Foundation","og_description":"Depuis plus de 10 ans, la Fondation canadienne Donner soutient la pr\u00e9servation des aires marines de l\u2019Atlantique","og_url":"https:\/\/donner.ca\/fr\/preservation-des-aires-marines-de-latlantique\/","og_site_name":"Donner Canadian Foundation","article_modified_time":"2023-12-13T14:03:18+00:00","og_image":[{"width":280,"height":280,"url":"https:\/\/donner.ca\/wp-content\/uploads\/placeholder-red.jpg","type":"image\/jpeg"}],"twitter_card":"summary_large_image","twitter_misc":{"Dur\u00e9e de lecture estim\u00e9e":"1 minute"},"schema":{"@context":"https:\/\/schema.org","@graph":[{"@type":"WebPage","@id":"https:\/\/donner.ca\/fr\/preservation-des-aires-marines-de-latlantique\/","url":"https:\/\/donner.ca\/fr\/preservation-des-aires-marines-de-latlantique\/","name":"Pr\u00e9servation des aires marines de l\u2019Atlantique - Donner Canadian Foundation","isPartOf":{"@id":"https:\/\/donner.ca\/fr\/#website"},"primaryImageOfPage":{"@id":"https:\/\/donner.ca\/fr\/preservation-des-aires-marines-de-latlantique\/#primaryimage"},"image":{"@id":"https:\/\/donner.ca\/fr\/preservation-des-aires-marines-de-latlantique\/#primaryimage"},"thumbnailUrl":"https:\/\/donner.ca\/wp-content\/uploads\/placeholder-red.jpg","datePublished":"2022-11-22T13:36:50+00:00","dateModified":"2023-12-13T14:03:18+00:00","description":"Depuis plus de 10 ans, la Fondation canadienne Donner soutient la pr\u00e9servation des aires marines de l\u2019Atlantique","breadcrumb":{"@id":"https:\/\/donner.ca\/fr\/preservation-des-aires-marines-de-latlantique\/#breadcrumb"},"inLanguage":"fr-FR","potentialAction":[{"@type":"ReadAction","target":["https:\/\/donner.ca\/fr\/preservation-des-aires-marines-de-latlantique\/"]}]},{"@type":"ImageObject","inLanguage":"fr-FR","@id":"https:\/\/donner.ca\/fr\/preservation-des-aires-marines-de-latlantique\/#primaryimage","url":"https:\/\/donner.ca\/wp-content\/uploads\/placeholder-red.jpg","contentUrl":"https:\/\/donner.ca\/wp-content\/uploads\/placeholder-red.jpg","width":280,"height":280},{"@type":"BreadcrumbList","@id":"https:\/\/donner.ca\/fr\/preservation-des-aires-marines-de-latlantique\/#breadcrumb","itemListElement":[{"@type":"ListItem","position":1,"name":"Home","item":"https:\/\/donner.ca\/fr\/"},{"@type":"ListItem","position":2,"name":"Pr\u00e9servation des aires marines de l\u2019Atlantique"}]},{"@type":"WebSite","@id":"https:\/\/donner.ca\/fr\/#website","url":"https:\/\/donner.ca\/fr\/","name":"Donner Canadian Foundation","description":"Philanthropy Rooted in Five Generations","potentialAction":[{"@type":"SearchAction","target":{"@type":"EntryPoint","urlTemplate":"https:\/\/donner.ca\/fr\/?s={search_term_string}"},"query-input":{"@type":"PropertyValueSpecification","valueRequired":true,"valueName":"search_term_string"}}],"inLanguage":"fr-FR"}]}},"_links":{"self":[{"href":"https:\/\/donner.ca\/fr\/wp-json\/wp\/v2\/pages\/1354","targetHints":{"allow":["GET"]}}],"collection":[{"href":"https:\/\/donner.ca\/fr\/wp-json\/wp\/v2\/pages"}],"about":[{"href":"https:\/\/donner.ca\/fr\/wp-json\/wp\/v2\/types\/page"}],"author":[{"embeddable":true,"href":"https:\/\/donner.ca\/fr\/wp-json\/wp\/v2\/users\/2"}],"replies":[{"embeddable":true,"href":"https:\/\/donner.ca\/fr\/wp-json\/wp\/v2\/comments?post=1354"}],"version-history":[{"count":0,"href":"https:\/\/donner.ca\/fr\/wp-json\/wp\/v2\/pages\/1354\/revisions"}],"wp:featuredmedia":[{"embeddable":true,"href":"https:\/\/donner.ca\/fr\/wp-json\/wp\/v2\/media\/1024"}],"wp:attachment":[{"href":"https:\/\/donner.ca\/fr\/wp-json\/wp\/v2\/media?parent=1354"}],"curies":[{"name":"wp","href":"https:\/\/api.w.org\/{rel}","templated":true}]}}