{"id":1356,"date":"2022-11-22T13:37:00","date_gmt":"2022-11-22T13:37:00","guid":{"rendered":"https:\/\/donnercanada.wpengine.com\/changement-climatique\/"},"modified":"2023-04-18T14:11:26","modified_gmt":"2023-04-18T14:11:26","slug":"changement-climatique","status":"publish","type":"page","link":"https:\/\/donner.ca\/fr\/changement-climatique\/","title":{"rendered":"Changement climatique"},"content":{"rendered":"\n<h1>\n\t\tSecteur de priorit\u00e9&nbsp;: Changement climatique\n\t<\/h1>\n\t<a aria-label=\"Naviguer au contenu principal\" href=\"#main-content\" data-mce-href=\"#main-content\"><br \/><img decoding=\"async\" src=\"\/wp-content\/uploads\/Arrow-Down-Red.svg\" alt=\"\" data-mce-src=\"\/wp-content\/uploads\/Arrow-Down-Red.svg\"\/><br \/><\/a>\n<h2>\n\t\tFaire progresser la transition du Canada vers un avenir sans carbone tout en soutenant la prosp\u00e9rit\u00e9 \u00e9conomique\n\t<\/h2>\n\t<p>Depuis 2016, la Fondation canadienne Donner a particuli\u00e8rement concentr\u00e9 ses efforts en soutien aux initiatives qui promeuvent la r\u00e9duction des \u00e9missions de gaz \u00e0 effet de serre tout en cr\u00e9ant les conditions pour soutenir la prosp\u00e9rit\u00e9 \u00e9conomique au Canada. La fondation travaille souvent en collaboration avec d&rsquo;autres bailleurs dans le cadre de strat\u00e9gies globales. Les domaines qui pr\u00e9sentent un int\u00e9r\u00eat particulier incluent la progression et l&rsquo;adoption de la tarification du carbonne, les r\u00e9gulations pour mener la transition \u00e9nerg\u00e9tique et technologique, et l&rsquo;adoption de ressources \u00e9nerg\u00e9tiques renouvelables et propres \u00e0 travers le pays.<\/p>\n<p>Ce programme de subvention soutient des projets faisant avancer le secteur industriel des v\u00e9hicules \u00e0 \u00e9missions nulles au Canada. Il permet \u00e9galement des am\u00e9liorations \u00e9nerg\u00e9tiques profondes et larges des b\u00e2timents \u00e0 usage commercial ou r\u00e9sidentiel, ainsi que la sortie r\u00e9ussie de l&rsquo;usage du combustible fossile. D&rsquo;autres projets soutenus par la fondation permettent de veiller \u00e0 ce que les protocoles prioritaires du march\u00e9 f\u00e9d\u00e9ral du carbone et de la compensation des \u00e9missions de carbone soient enracin\u00e9s.<\/p>\n<p>Une grande partie des subventions de la fondation se fait \u00e0 travers le <a href=\"https:\/\/www.cleaneconomyfund.ca\/about\/\" target=\"_blank\" rel=\"noopener\" data-mce-href=\"https:\/\/www.cleaneconomyfund.ca\/about\/\">Clean Economy Fund (ENG)<\/a>, une fondation caritative qui r\u00e9unit un groupe de bailleurs qui reconnaissent que la lutte contre le changement climatique au Canada requiert un changement syst\u00e9mique. Le financement est ax\u00e9 sur les initiatives qui orientent les principales politiques gouvernementales et les mesures de l&rsquo;industrie \u00e0 l&rsquo;appui de la transition vers des \u00e9missions nettes nulles.<\/p>\n<p>La fondation soutient \u00e9galement des projets d&rsquo;action climatique \u00e0 grande \u00e9chelle sur le paysage forestier avec des avantages pour la nature et le climat. Nous nous engageons \u00e0 soutenir l&rsquo;\u00e9quit\u00e9 et les peuples autochtones, et souhaitons faire en sorte que la mise en \u0153uvre de politiques et de solutions en mati\u00e8re de changement climatique profite \u00e0 tous et toutes de la m\u00eame mani\u00e8re.<\/p>\n<p><strong>En savoir plus sur nos partenaires :<\/strong><\/p>\n<ul>\n<li><a href=\"https:\/\/accelerervze.ca\/\" target=\"_blank\" rel=\"noopener\" data-mce-href=\"https:\/\/accelerervze.ca\/\">Initiative Acc\u00e9l\u00e9rer<\/a><\/li>\n<li><a href=\"https:\/\/www.cleaneconomyfund.ca\/\" target=\"_blank\" rel=\"noopener\" data-mce-href=\"https:\/\/www.cleaneconomyfund.ca\/\">Clean Economy Fund (ENG)<\/a><\/li>\n<li><a href=\"https:\/\/cleanenergycanada.org\/\" target=\"_blank\" rel=\"noopener\" data-mce-href=\"https:\/\/cleanenergycanada.org\/\">Clean Energy Canada (ENG)<\/a><\/li>\n<li><a href=\"https:\/\/ecotrust.ca\/\" target=\"_blank\" rel=\"noopener\" data-mce-href=\"https:\/\/ecotrust.ca\/\">Ecotrust Canada (ENG)<\/a><\/li>\n<li><a href=\"https:\/\/www.efficiencycanada.org\/fr\/\" target=\"_blank\" rel=\"noopener\" data-mce-href=\"https:\/\/www.efficiencycanada.org\/fr\/\">Efficacit\u00e9 Energ\u00e9tique Canada<\/a><\/li>\n<li><a href=\"https:\/\/www.foodandlandusecoalition.org\/\" target=\"_blank\" rel=\"noopener\" data-mce-href=\"https:\/\/www.foodandlandusecoalition.org\/\">FABLE (ENG)<\/a><\/li>\n<li><a href=\"https:\/\/www.indigenousclimateaction.com\/\" target=\"_blank\" rel=\"noopener\" data-mce-href=\"https:\/\/www.indigenousclimateaction.com\/\">Indigenous Climate Action (ENG)<\/a><\/li>\n<\/ul>\n\n\t\t\t<a href=\"https:\/\/donner.ca\/fr\/histoires-percutantes\/\" target=\"_self\" role=\"button\" rel=\"noopener\">\n\t\t\t\t\t\t\tLisez toutes nos histoires percutantes\n\t\t\t\t\t<\/a>\n\t\t\t\t<img decoding=\"async\" src=\"https:\/\/\tdonner.ca\/wp-content\/uploads\/Large-Hero-Branches.svg\" alt=\"Large Hero Branches\" itemprop=\"image\" title=\"Large Hero Branches\" onerror=\"this.style.display='none'\"  \/>\n\n","protected":false},"excerpt":{"rendered":"<p>Secteur de priorit\u00e9&nbsp;: Changement climatique Faire progresser la transition du Canada vers un avenir sans carbone tout en soutenant la prosp\u00e9rit\u00e9 \u00e9conomique Depuis 2016, la Fondation canadienne Donner a particuli\u00e8rement concentr\u00e9 ses efforts en soutien aux initiatives qui promeuvent la r\u00e9duction des \u00e9missions de gaz \u00e0 effet de serre tout en cr\u00e9ant les conditions pour&hellip;<\/p>\n","protected":false},"author":2,"featured_media":1024,"parent":0,"menu_order":0,"comment_status":"closed","ping_status":"closed","template":"","meta":{"_acf_changed":false,"inline_featured_image":false,"footnotes":""},"class_list":["post-1356","page","type-page","status-publish","has-post-thumbnail","hentry"],"acf":[],"yoast_head":"<!-- This site is optimized with the Yoast SEO plugin v27.4 - https:\/\/yoast.com\/product\/yoast-seo-wordpress\/ -->\n<title>Changement climatique - Donner Canadian Foundation<\/title>\n<meta name=\"description\" content=\"La Fondation canadienne Donner a particuli\u00e8rement concentr\u00e9 ses efforts en soutien aux initiatives qui promeuvent la r\u00e9duction des \u00e9missions de gaz \u00e0 effet de serre.\" \/>\n<meta name=\"robots\" content=\"index, follow, max-snippet:-1, max-image-preview:large, max-video-preview:-1\" \/>\n<link rel=\"canonical\" href=\"https:\/\/donner.ca\/fr\/changement-climatique\/\" \/>\n<meta property=\"og:locale\" content=\"fr_FR\" \/>\n<meta property=\"og:type\" content=\"article\" \/>\n<meta property=\"og:title\" content=\"Changement climatique - Donner Canadian Foundation\" \/>\n<meta property=\"og:description\" content=\"La Fondation canadienne Donner a particuli\u00e8rement concentr\u00e9 ses efforts en soutien aux initiatives qui promeuvent la r\u00e9duction des \u00e9missions de gaz \u00e0 effet de serre.\" \/>\n<meta property=\"og:url\" content=\"https:\/\/donner.ca\/fr\/changement-climatique\/\" \/>\n<meta property=\"og:site_name\" content=\"Donner Canadian Foundation\" \/>\n<meta property=\"article:modified_time\" content=\"2023-04-18T14:11:26+00:00\" \/>\n<meta property=\"og:image\" content=\"https:\/\/donner.ca\/wp-content\/uploads\/placeholder-red.jpg\" \/>\n\t<meta property=\"og:image:width\" content=\"280\" \/>\n\t<meta property=\"og:image:height\" content=\"280\" \/>\n\t<meta property=\"og:image:type\" content=\"image\/jpeg\" \/>\n<meta name=\"twitter:card\" content=\"summary_large_image\" \/>\n<meta name=\"twitter:label1\" content=\"Dur\u00e9e de lecture estim\u00e9e\" \/>\n\t<meta name=\"twitter:data1\" content=\"2 minutes\" \/>\n<script type=\"application\/ld+json\" class=\"yoast-schema-graph\">{\"@context\":\"https:\\\/\\\/schema.org\",\"@graph\":[{\"@type\":\"WebPage\",\"@id\":\"https:\\\/\\\/donner.ca\\\/fr\\\/changement-climatique\\\/\",\"url\":\"https:\\\/\\\/donner.ca\\\/fr\\\/changement-climatique\\\/\",\"name\":\"Changement climatique - Donner Canadian Foundation\",\"isPartOf\":{\"@id\":\"https:\\\/\\\/donner.ca\\\/fr\\\/#website\"},\"primaryImageOfPage\":{\"@id\":\"https:\\\/\\\/donner.ca\\\/fr\\\/changement-climatique\\\/#primaryimage\"},\"image\":{\"@id\":\"https:\\\/\\\/donner.ca\\\/fr\\\/changement-climatique\\\/#primaryimage\"},\"thumbnailUrl\":\"https:\\\/\\\/donner.ca\\\/wp-content\\\/uploads\\\/placeholder-red.jpg\",\"datePublished\":\"2022-11-22T13:37:00+00:00\",\"dateModified\":\"2023-04-18T14:11:26+00:00\",\"description\":\"La Fondation canadienne Donner a particuli\u00e8rement concentr\u00e9 ses efforts en soutien aux initiatives qui promeuvent la r\u00e9duction des \u00e9missions de gaz \u00e0 effet de serre.\",\"breadcrumb\":{\"@id\":\"https:\\\/\\\/donner.ca\\\/fr\\\/changement-climatique\\\/#breadcrumb\"},\"inLanguage\":\"fr-FR\",\"potentialAction\":[{\"@type\":\"ReadAction\",\"target\":[\"https:\\\/\\\/donner.ca\\\/fr\\\/changement-climatique\\\/\"]}]},{\"@type\":\"ImageObject\",\"inLanguage\":\"fr-FR\",\"@id\":\"https:\\\/\\\/donner.ca\\\/fr\\\/changement-climatique\\\/#primaryimage\",\"url\":\"https:\\\/\\\/donner.ca\\\/wp-content\\\/uploads\\\/placeholder-red.jpg\",\"contentUrl\":\"https:\\\/\\\/donner.ca\\\/wp-content\\\/uploads\\\/placeholder-red.jpg\",\"width\":280,\"height\":280},{\"@type\":\"BreadcrumbList\",\"@id\":\"https:\\\/\\\/donner.ca\\\/fr\\\/changement-climatique\\\/#breadcrumb\",\"itemListElement\":[{\"@type\":\"ListItem\",\"position\":1,\"name\":\"Home\",\"item\":\"https:\\\/\\\/donner.ca\\\/fr\\\/\"},{\"@type\":\"ListItem\",\"position\":2,\"name\":\"Changement climatique\"}]},{\"@type\":\"WebSite\",\"@id\":\"https:\\\/\\\/donner.ca\\\/fr\\\/#website\",\"url\":\"https:\\\/\\\/donner.ca\\\/fr\\\/\",\"name\":\"Donner Canadian Foundation\",\"description\":\"Philanthropy Rooted in Five Generations\",\"potentialAction\":[{\"@type\":\"SearchAction\",\"target\":{\"@type\":\"EntryPoint\",\"urlTemplate\":\"https:\\\/\\\/donner.ca\\\/fr\\\/?s={search_term_string}\"},\"query-input\":{\"@type\":\"PropertyValueSpecification\",\"valueRequired\":true,\"valueName\":\"search_term_string\"}}],\"inLanguage\":\"fr-FR\"}]}<\/script>\n<!-- \/ Yoast SEO plugin. -->","yoast_head_json":{"title":"Changement climatique - Donner Canadian Foundation","description":"La Fondation canadienne Donner a particuli\u00e8rement concentr\u00e9 ses efforts en soutien aux initiatives qui promeuvent la r\u00e9duction des \u00e9missions de gaz \u00e0 effet de serre.","robots":{"index":"index","follow":"follow","max-snippet":"max-snippet:-1","max-image-preview":"max-image-preview:large","max-video-preview":"max-video-preview:-1"},"canonical":"https:\/\/donner.ca\/fr\/changement-climatique\/","og_locale":"fr_FR","og_type":"article","og_title":"Changement climatique - Donner Canadian Foundation","og_description":"La Fondation canadienne Donner a particuli\u00e8rement concentr\u00e9 ses efforts en soutien aux initiatives qui promeuvent la r\u00e9duction des \u00e9missions de gaz \u00e0 effet de serre.","og_url":"https:\/\/donner.ca\/fr\/changement-climatique\/","og_site_name":"Donner Canadian Foundation","article_modified_time":"2023-04-18T14:11:26+00:00","og_image":[{"width":280,"height":280,"url":"https:\/\/donner.ca\/wp-content\/uploads\/placeholder-red.jpg","type":"image\/jpeg"}],"twitter_card":"summary_large_image","twitter_misc":{"Dur\u00e9e de lecture estim\u00e9e":"2 minutes"},"schema":{"@context":"https:\/\/schema.org","@graph":[{"@type":"WebPage","@id":"https:\/\/donner.ca\/fr\/changement-climatique\/","url":"https:\/\/donner.ca\/fr\/changement-climatique\/","name":"Changement climatique - Donner Canadian Foundation","isPartOf":{"@id":"https:\/\/donner.ca\/fr\/#website"},"primaryImageOfPage":{"@id":"https:\/\/donner.ca\/fr\/changement-climatique\/#primaryimage"},"image":{"@id":"https:\/\/donner.ca\/fr\/changement-climatique\/#primaryimage"},"thumbnailUrl":"https:\/\/donner.ca\/wp-content\/uploads\/placeholder-red.jpg","datePublished":"2022-11-22T13:37:00+00:00","dateModified":"2023-04-18T14:11:26+00:00","description":"La Fondation canadienne Donner a particuli\u00e8rement concentr\u00e9 ses efforts en soutien aux initiatives qui promeuvent la r\u00e9duction des \u00e9missions de gaz \u00e0 effet de serre.","breadcrumb":{"@id":"https:\/\/donner.ca\/fr\/changement-climatique\/#breadcrumb"},"inLanguage":"fr-FR","potentialAction":[{"@type":"ReadAction","target":["https:\/\/donner.ca\/fr\/changement-climatique\/"]}]},{"@type":"ImageObject","inLanguage":"fr-FR","@id":"https:\/\/donner.ca\/fr\/changement-climatique\/#primaryimage","url":"https:\/\/donner.ca\/wp-content\/uploads\/placeholder-red.jpg","contentUrl":"https:\/\/donner.ca\/wp-content\/uploads\/placeholder-red.jpg","width":280,"height":280},{"@type":"BreadcrumbList","@id":"https:\/\/donner.ca\/fr\/changement-climatique\/#breadcrumb","itemListElement":[{"@type":"ListItem","position":1,"name":"Home","item":"https:\/\/donner.ca\/fr\/"},{"@type":"ListItem","position":2,"name":"Changement climatique"}]},{"@type":"WebSite","@id":"https:\/\/donner.ca\/fr\/#website","url":"https:\/\/donner.ca\/fr\/","name":"Donner Canadian Foundation","description":"Philanthropy Rooted in Five Generations","potentialAction":[{"@type":"SearchAction","target":{"@type":"EntryPoint","urlTemplate":"https:\/\/donner.ca\/fr\/?s={search_term_string}"},"query-input":{"@type":"PropertyValueSpecification","valueRequired":true,"valueName":"search_term_string"}}],"inLanguage":"fr-FR"}]}},"_links":{"self":[{"href":"https:\/\/donner.ca\/fr\/wp-json\/wp\/v2\/pages\/1356","targetHints":{"allow":["GET"]}}],"collection":[{"href":"https:\/\/donner.ca\/fr\/wp-json\/wp\/v2\/pages"}],"about":[{"href":"https:\/\/donner.ca\/fr\/wp-json\/wp\/v2\/types\/page"}],"author":[{"embeddable":true,"href":"https:\/\/donner.ca\/fr\/wp-json\/wp\/v2\/users\/2"}],"replies":[{"embeddable":true,"href":"https:\/\/donner.ca\/fr\/wp-json\/wp\/v2\/comments?post=1356"}],"version-history":[{"count":0,"href":"https:\/\/donner.ca\/fr\/wp-json\/wp\/v2\/pages\/1356\/revisions"}],"wp:featuredmedia":[{"embeddable":true,"href":"https:\/\/donner.ca\/fr\/wp-json\/wp\/v2\/media\/1024"}],"wp:attachment":[{"href":"https:\/\/donner.ca\/fr\/wp-json\/wp\/v2\/media?parent=1356"}],"curies":[{"name":"wp","href":"https:\/\/api.w.org\/{rel}","templated":true}]}}