{"id":1357,"date":"2022-11-22T13:37:10","date_gmt":"2022-11-22T13:37:10","guid":{"rendered":"https:\/\/donnercanada.wpengine.com\/partenariats-autochthones\/"},"modified":"2023-12-18T21:35:47","modified_gmt":"2023-12-18T21:35:47","slug":"partenariats-autochthones","status":"publish","type":"page","link":"https:\/\/donner.ca\/fr\/partenariats-autochthones\/","title":{"rendered":"Partenariats autochthones"},"content":{"rendered":"\n<h1>\n\t\tSecteur de priorit\u00e9&nbsp;: Partenariats autochthones\n\t<\/h1>\n    <a aria-label=\"Naviguer au contenu principal\" href=\"#main-content\">\n        <img decoding=\"async\" src=\"\/wp-content\/uploads\/Arrow-Down-Red.svg\" alt=\"\" \/>\n    <\/a>\n<h2>\n\t\tTravailler pour la V\u00e9rit\u00e9 et la R\u00e9conciliation\n\t<\/h2>\n\t<p>Depuis les ann\u00e9es 1960, les subventions de la Fondation canadienne Donner ont soutenu des initiatives dans les domaines de l&rsquo;\u00e9ducation, de l&rsquo;environnement, des services sociaux et de la sant\u00e9 des peuples autochtones. En 2015, avec d&rsquo;autres organisations philanthropiques, la fondation a sign\u00e9 la <a href=\"https:\/\/www.the-circle.ca\/the-declaration.html\" target=\"_blank\" rel=\"noopener\">D\u00e9claration d&rsquo;Action de la Communaut\u00e9 Philanthropique (ENG)<\/a>. Nous cherchons \u00e0 faire progresser cette d\u00e9claration, ainsi que les <a href=\"https:\/\/nctr.ca\/wp-content\/uploads\/2021\/04\/4-Appels_a_l-Action_French.pdf\" target=\"_blank\" rel=\"noopener\">94 appels \u00e0 l&rsquo;action<\/a> de la Commission de v\u00e9rit\u00e9 et r\u00e9conciliation du Canada et les 46 articles de la <a href=\"https:\/\/www.un.org\/development\/desa\/indigenouspeoples\/wp-content\/uploads\/sites\/19\/2018\/11\/UNDRIP_F_web.pdf\" target=\"_blank\" rel=\"noopener\">D\u00e9claration des Nations Unies sur les Droits des Peuples Autochtones<\/a>.<\/p>\n<p>Un des objectifs majeurs de ce secteur de priorit\u00e9 est de soutenir les communaut\u00e9s autochtones dans leurs visions d&rsquo;intendance de leurs territoires, eaux, animaux et plantes traditionnels. Nous adoptons une approche holistique, en sachant que les probl\u00e8mes environnementaux li\u00e9s au lieu sont indissociables des contextes culturels, sociaux, \u00e9conomiques et spirituels. Nos valeurs fondamentales incluent la confiance, le respect, la patience, l&rsquo;engagement, et la flexibilit\u00e9, et nous cherchons \u00e0 \u00e9tablir des relations \u00e0 long terme qui sont significatives, r\u00e9ciproques et durables. Nous honorons et appr\u00e9cions l&rsquo;autonomie et les droits \u00e0 l&rsquo;autod\u00e9termination des peuples autochtones.<\/p>\n<p>Au cours des derni\u00e8res ann\u00e9es, plus du tiers des subventions de la fondation a soutenu des organisations ou des partenariats autochtones dirig\u00e9s et inform\u00e9s par les Autochtones.<sup>1<\/sup> Nous sommes profond\u00e9ment reconnaissants des conseils des partenaires et consultants autochtones.<\/p>\n<p>&nbsp;<\/p>\n<p><sup>1<\/sup> <em>Nous utilisons la <a href=\"https:\/\/www.the-circle.ca\/the-i4dm.html\" target=\"_blank\" rel=\"noopener\">Matrice I4DM<\/a> du Cercle sur la Philanthropie et les Peuples Autochtones au Canada (2022) (ENG) comme guide pour suivre les subventions de la fondation.<\/em><\/p>\n\t\t\t<a href=\"https:\/\/donner.ca\/fr\/histoires-percutantes\/\" target=\"_self\" rel=\"noopener\">\n\t\t\t\t\t\t\tLisez toutes nos histoires percutantes\n\t\t\t\t\t<\/a>\n\t\t\t\t<img decoding=\"async\" src=\"https:\/\/\tdonner.ca\/wp-content\/uploads\/Large-Hero-Branches.svg\" alt=\"Large Hero Branches\" itemprop=\"image\" title=\"Large Hero Branches\" onerror=\"this.style.display='none'\"  \/>\n\n","protected":false},"excerpt":{"rendered":"<p>Secteur de priorit\u00e9&nbsp;: Partenariats autochthones Travailler pour la V\u00e9rit\u00e9 et la R\u00e9conciliation Depuis les ann\u00e9es 1960, les subventions de la Fondation canadienne Donner ont soutenu des initiatives dans les domaines de l&rsquo;\u00e9ducation, de l&rsquo;environnement, des services sociaux et de la sant\u00e9 des peuples autochtones. En 2015, avec d&rsquo;autres organisations philanthropiques, la fondation a sign\u00e9 la&hellip;<\/p>\n","protected":false},"author":2,"featured_media":1024,"parent":0,"menu_order":0,"comment_status":"closed","ping_status":"closed","template":"","meta":{"_acf_changed":false,"inline_featured_image":false,"footnotes":""},"class_list":["post-1357","page","type-page","status-publish","has-post-thumbnail","hentry"],"acf":[],"yoast_head":"<!-- This site is optimized with the Yoast SEO plugin v27.4 - https:\/\/yoast.com\/product\/yoast-seo-wordpress\/ -->\n<title>Partenariats autochthones - Donner Canadian Foundation<\/title>\n<meta name=\"description\" content=\"Depuis les ann\u00e9es 1960, les subventions de la Fondation canadienne Donner ont soutenu des initiatives dans les domaines de l\u2019\u00e9ducation, de l\u2019environnement, des services sociaux et de la sant\u00e9 des peuples autochtones.\" \/>\n<meta name=\"robots\" content=\"index, follow, max-snippet:-1, max-image-preview:large, max-video-preview:-1\" \/>\n<link rel=\"canonical\" href=\"https:\/\/donner.ca\/fr\/partenariats-autochthones\/\" \/>\n<meta property=\"og:locale\" content=\"fr_FR\" \/>\n<meta property=\"og:type\" content=\"article\" \/>\n<meta property=\"og:title\" content=\"Partenariats autochthones - Donner Canadian Foundation\" \/>\n<meta property=\"og:description\" content=\"Depuis les ann\u00e9es 1960, les subventions de la Fondation canadienne Donner ont soutenu des initiatives dans les domaines de l\u2019\u00e9ducation, de l\u2019environnement, des services sociaux et de la sant\u00e9 des peuples autochtones.\" \/>\n<meta property=\"og:url\" content=\"https:\/\/donner.ca\/fr\/partenariats-autochthones\/\" \/>\n<meta property=\"og:site_name\" content=\"Donner Canadian Foundation\" \/>\n<meta property=\"article:modified_time\" content=\"2023-12-18T21:35:47+00:00\" \/>\n<meta property=\"og:image\" content=\"https:\/\/donner.ca\/wp-content\/uploads\/placeholder-red.jpg\" \/>\n\t<meta property=\"og:image:width\" content=\"280\" \/>\n\t<meta property=\"og:image:height\" content=\"280\" \/>\n\t<meta property=\"og:image:type\" content=\"image\/jpeg\" \/>\n<meta name=\"twitter:card\" content=\"summary_large_image\" \/>\n<meta name=\"twitter:label1\" content=\"Dur\u00e9e de lecture estim\u00e9e\" \/>\n\t<meta name=\"twitter:data1\" content=\"1 minute\" \/>\n<script type=\"application\/ld+json\" class=\"yoast-schema-graph\">{\"@context\":\"https:\\\/\\\/schema.org\",\"@graph\":[{\"@type\":\"WebPage\",\"@id\":\"https:\\\/\\\/donner.ca\\\/fr\\\/partenariats-autochthones\\\/\",\"url\":\"https:\\\/\\\/donner.ca\\\/fr\\\/partenariats-autochthones\\\/\",\"name\":\"Partenariats autochthones - Donner Canadian Foundation\",\"isPartOf\":{\"@id\":\"https:\\\/\\\/donner.ca\\\/fr\\\/#website\"},\"primaryImageOfPage\":{\"@id\":\"https:\\\/\\\/donner.ca\\\/fr\\\/partenariats-autochthones\\\/#primaryimage\"},\"image\":{\"@id\":\"https:\\\/\\\/donner.ca\\\/fr\\\/partenariats-autochthones\\\/#primaryimage\"},\"thumbnailUrl\":\"https:\\\/\\\/donner.ca\\\/wp-content\\\/uploads\\\/placeholder-red.jpg\",\"datePublished\":\"2022-11-22T13:37:10+00:00\",\"dateModified\":\"2023-12-18T21:35:47+00:00\",\"description\":\"Depuis les ann\u00e9es 1960, les subventions de la Fondation canadienne Donner ont soutenu des initiatives dans les domaines de l\u2019\u00e9ducation, de l\u2019environnement, des services sociaux et de la sant\u00e9 des peuples autochtones.\",\"breadcrumb\":{\"@id\":\"https:\\\/\\\/donner.ca\\\/fr\\\/partenariats-autochthones\\\/#breadcrumb\"},\"inLanguage\":\"fr-FR\",\"potentialAction\":[{\"@type\":\"ReadAction\",\"target\":[\"https:\\\/\\\/donner.ca\\\/fr\\\/partenariats-autochthones\\\/\"]}]},{\"@type\":\"ImageObject\",\"inLanguage\":\"fr-FR\",\"@id\":\"https:\\\/\\\/donner.ca\\\/fr\\\/partenariats-autochthones\\\/#primaryimage\",\"url\":\"https:\\\/\\\/donner.ca\\\/wp-content\\\/uploads\\\/placeholder-red.jpg\",\"contentUrl\":\"https:\\\/\\\/donner.ca\\\/wp-content\\\/uploads\\\/placeholder-red.jpg\",\"width\":280,\"height\":280},{\"@type\":\"BreadcrumbList\",\"@id\":\"https:\\\/\\\/donner.ca\\\/fr\\\/partenariats-autochthones\\\/#breadcrumb\",\"itemListElement\":[{\"@type\":\"ListItem\",\"position\":1,\"name\":\"Home\",\"item\":\"https:\\\/\\\/donner.ca\\\/fr\\\/\"},{\"@type\":\"ListItem\",\"position\":2,\"name\":\"Partenariats autochthones\"}]},{\"@type\":\"WebSite\",\"@id\":\"https:\\\/\\\/donner.ca\\\/fr\\\/#website\",\"url\":\"https:\\\/\\\/donner.ca\\\/fr\\\/\",\"name\":\"Donner Canadian Foundation\",\"description\":\"Philanthropy Rooted in Five Generations\",\"potentialAction\":[{\"@type\":\"SearchAction\",\"target\":{\"@type\":\"EntryPoint\",\"urlTemplate\":\"https:\\\/\\\/donner.ca\\\/fr\\\/?s={search_term_string}\"},\"query-input\":{\"@type\":\"PropertyValueSpecification\",\"valueRequired\":true,\"valueName\":\"search_term_string\"}}],\"inLanguage\":\"fr-FR\"}]}<\/script>\n<!-- \/ Yoast SEO plugin. -->","yoast_head_json":{"title":"Partenariats autochthones - Donner Canadian Foundation","description":"Depuis les ann\u00e9es 1960, les subventions de la Fondation canadienne Donner ont soutenu des initiatives dans les domaines de l\u2019\u00e9ducation, de l\u2019environnement, des services sociaux et de la sant\u00e9 des peuples autochtones.","robots":{"index":"index","follow":"follow","max-snippet":"max-snippet:-1","max-image-preview":"max-image-preview:large","max-video-preview":"max-video-preview:-1"},"canonical":"https:\/\/donner.ca\/fr\/partenariats-autochthones\/","og_locale":"fr_FR","og_type":"article","og_title":"Partenariats autochthones - Donner Canadian Foundation","og_description":"Depuis les ann\u00e9es 1960, les subventions de la Fondation canadienne Donner ont soutenu des initiatives dans les domaines de l\u2019\u00e9ducation, de l\u2019environnement, des services sociaux et de la sant\u00e9 des peuples autochtones.","og_url":"https:\/\/donner.ca\/fr\/partenariats-autochthones\/","og_site_name":"Donner Canadian Foundation","article_modified_time":"2023-12-18T21:35:47+00:00","og_image":[{"width":280,"height":280,"url":"https:\/\/donner.ca\/wp-content\/uploads\/placeholder-red.jpg","type":"image\/jpeg"}],"twitter_card":"summary_large_image","twitter_misc":{"Dur\u00e9e de lecture estim\u00e9e":"1 minute"},"schema":{"@context":"https:\/\/schema.org","@graph":[{"@type":"WebPage","@id":"https:\/\/donner.ca\/fr\/partenariats-autochthones\/","url":"https:\/\/donner.ca\/fr\/partenariats-autochthones\/","name":"Partenariats autochthones - Donner Canadian Foundation","isPartOf":{"@id":"https:\/\/donner.ca\/fr\/#website"},"primaryImageOfPage":{"@id":"https:\/\/donner.ca\/fr\/partenariats-autochthones\/#primaryimage"},"image":{"@id":"https:\/\/donner.ca\/fr\/partenariats-autochthones\/#primaryimage"},"thumbnailUrl":"https:\/\/donner.ca\/wp-content\/uploads\/placeholder-red.jpg","datePublished":"2022-11-22T13:37:10+00:00","dateModified":"2023-12-18T21:35:47+00:00","description":"Depuis les ann\u00e9es 1960, les subventions de la Fondation canadienne Donner ont soutenu des initiatives dans les domaines de l\u2019\u00e9ducation, de l\u2019environnement, des services sociaux et de la sant\u00e9 des peuples autochtones.","breadcrumb":{"@id":"https:\/\/donner.ca\/fr\/partenariats-autochthones\/#breadcrumb"},"inLanguage":"fr-FR","potentialAction":[{"@type":"ReadAction","target":["https:\/\/donner.ca\/fr\/partenariats-autochthones\/"]}]},{"@type":"ImageObject","inLanguage":"fr-FR","@id":"https:\/\/donner.ca\/fr\/partenariats-autochthones\/#primaryimage","url":"https:\/\/donner.ca\/wp-content\/uploads\/placeholder-red.jpg","contentUrl":"https:\/\/donner.ca\/wp-content\/uploads\/placeholder-red.jpg","width":280,"height":280},{"@type":"BreadcrumbList","@id":"https:\/\/donner.ca\/fr\/partenariats-autochthones\/#breadcrumb","itemListElement":[{"@type":"ListItem","position":1,"name":"Home","item":"https:\/\/donner.ca\/fr\/"},{"@type":"ListItem","position":2,"name":"Partenariats autochthones"}]},{"@type":"WebSite","@id":"https:\/\/donner.ca\/fr\/#website","url":"https:\/\/donner.ca\/fr\/","name":"Donner Canadian Foundation","description":"Philanthropy Rooted in Five Generations","potentialAction":[{"@type":"SearchAction","target":{"@type":"EntryPoint","urlTemplate":"https:\/\/donner.ca\/fr\/?s={search_term_string}"},"query-input":{"@type":"PropertyValueSpecification","valueRequired":true,"valueName":"search_term_string"}}],"inLanguage":"fr-FR"}]}},"_links":{"self":[{"href":"https:\/\/donner.ca\/fr\/wp-json\/wp\/v2\/pages\/1357","targetHints":{"allow":["GET"]}}],"collection":[{"href":"https:\/\/donner.ca\/fr\/wp-json\/wp\/v2\/pages"}],"about":[{"href":"https:\/\/donner.ca\/fr\/wp-json\/wp\/v2\/types\/page"}],"author":[{"embeddable":true,"href":"https:\/\/donner.ca\/fr\/wp-json\/wp\/v2\/users\/2"}],"replies":[{"embeddable":true,"href":"https:\/\/donner.ca\/fr\/wp-json\/wp\/v2\/comments?post=1357"}],"version-history":[{"count":0,"href":"https:\/\/donner.ca\/fr\/wp-json\/wp\/v2\/pages\/1357\/revisions"}],"wp:featuredmedia":[{"embeddable":true,"href":"https:\/\/donner.ca\/fr\/wp-json\/wp\/v2\/media\/1024"}],"wp:attachment":[{"href":"https:\/\/donner.ca\/fr\/wp-json\/wp\/v2\/media?parent=1357"}],"curies":[{"name":"wp","href":"https:\/\/api.w.org\/{rel}","templated":true}]}}