{"id":1359,"date":"2022-11-22T13:35:24","date_gmt":"2022-11-22T13:35:24","guid":{"rendered":"https:\/\/donnercanada.wpengine.com\/cycle-de-conferences\/"},"modified":"2023-04-18T13:59:38","modified_gmt":"2023-04-18T13:59:38","slug":"cycle-de-conferences","status":"publish","type":"page","link":"https:\/\/donner.ca\/fr\/cycle-de-conferences\/","title":{"rendered":"Cycle de conf\u00e9rences"},"content":{"rendered":"\r\n<h1>Lecture Series<\/h1>\r\n<p>As part of its commitment to fostering public policy debate, the Donner Canadian Foundation hosts a periodic public lecture series featuring some of the world&rsquo;s most prominent intellectuals.<\/p>\r\n<p><a href=\"#main-content\" aria-label=\"Go to main content\"> <img decoding=\"async\" src=\"\/wp-content\/uploads\/Arrow-Down-Red.svg\" alt=\"\" \/> <\/a><\/p>\r\n<h2>Upcoming Lecture<\/h2>\r\n<h3>\u00ab\u00a0Global Britain\u00a0\u00bb?<\/h3>\r\n<p>Sir David Cannadine<\/p>\r\n<p>April 13, 2023 | Toronto<\/p>\r\n<p><img decoding=\"async\" title=\"lecture-upcoming-David-Cannadine\" src=\"https:\/\/\tdonner.ca\/wp-content\/uploads\/lecture-upcoming-David-Cannadine-400x400.jpg\" alt=\"lecture-upcoming-David-Cannadine\" \/><\/p>\r\n<p>The coronation of King Charles III later this spring, after the long reign of Queen Elizabeth II, has Canadians reflecting on the role of the Crown in this country, and indeed, on the role of Britain itself.<\/p>\r\n<p>Sir David Cannadine, the distinguished British historian and author will explore and explain Britain&rsquo;s course changes over the past six decades. He notes that early in the 1960s, Dean Acheson remarked that Britain had lost an empire but not yet found a new role in the world. Joining the Common Market (later the EU) was presented as the solution, but in the aftermath of Brexit, it has been rejected in favour of something called \u00ab\u00a0Global Britain\u00a0\u00bb.<\/p>\r\n<p>Cannadine is currently the Dodge Professor of History at Princeton University and a visiting professor of history at Oxford University. His scholarly interests range across the economic, social, political, and cultural history of modern Britain and its empire, capitalism, collecting, and philanthropy in nineteenth- and twentieth-century America. He is widely known as a commentator on current events, and he often contributes to contemporary discussions on the present-day British monarchy.<\/p>\r\n<p>A prolific author, his books include <em>The Decline and Fall of the British Aristocracy<\/em>; <em>Ornamentalism: How the British Saw Their Empire<\/em>; <em>Mellon: An American Life<\/em>; <em>The Undivided Past: Humanity Beyond our Differences<\/em> and, recently, biographies of King George V and Margaret Thatcher. He is a member of a large number of learned societies and academies.<\/p>\r\n<p><a role=\"button\" href=\";\" target=\"_self\" rel=\"noopener\"> Read More <\/a><\/p>\r\n<h2>Past Speakers<\/h2>\r\n<h3>2011 &#8211; Present<\/h3>\r\n<p><strong>Yascha Mounk<\/strong><br \/>Professor and commentator, April 2019 <strong>George Packer<\/strong><br \/>Journalist and author, November 2018 <strong>Masha Gessen<\/strong><br \/>Journalist and author, April 2018 <strong>Timothy Garton Ash<\/strong><br \/>Historian and commentator, November 2016 <strong>Chrystia Freeland<\/strong><br \/>Deputy Prime Minister of Canada and Minister of Finance, May 2015 <strong>Strobe Talbott<\/strong><br \/>Foreign policy analyst and former U.S. Deputy Secretary of State, May 2015 <strong>Martin S. Indyk<\/strong><br \/>Foreign policy analyst and former diplomat, January 2015 <strong>Walter Russell Mead<\/strong><br \/>Professor of foreign affairs and commentator, May 2014 <strong>Fouad Ajami<\/strong><br \/>The late professor and commentator, December 2013 <strong>Steven Pinker<\/strong><br \/>Psychologist and cognitive scientist, May 2013 <strong>Anne Applebaum<\/strong><br \/>Pulitzer Prize-winning author, December 2012 <strong>Mark Halperin<\/strong><br \/>Political analyst, May 2012 <strong>Amy Chua<\/strong><br \/>Professor of law and social commentator, June 2011<\/p>\r\n<h3>2001-2010<\/h3>\r\n<p><strong>Richard Haass<\/strong><br \/>Diplomat, November 2010 <strong>Ayaan Hirsi Ali<\/strong><br \/>Activist, writer, and former politician, June 2010 <strong>Martin Amis<\/strong><br \/>Novelist, November 2009 <strong>Dambisa Moyo<\/strong><br \/>Economist, June 2009 <strong>Bernard-Henri L\u00e9vy<\/strong><br \/>Author, November 2008 <strong>Strobe Talbott<\/strong><br \/>Foreign policy analyst and former U.S. Deputy Secretary of State, May 2008 <strong>Richard Holbrooke<\/strong><br \/>The late diplomat, November 2007 <strong>Robert B. Zoellick<\/strong><br \/>Former President of the World Bank, January 2007 <strong>Timothy Garton Ash<\/strong><br \/>Historian and commentator, June 2006 <strong>The Rt. Hon. Christopher Patten<\/strong><br \/>Former Governor of Hong Kong, September 2005 <strong>Robert Cooper<\/strong><br \/>Diplomat and scholar, May 2005 <strong>Fouad Ajami<\/strong><br \/>The late professor and commentator, September 2004 <strong>Niall Ferguson<\/strong><br \/>Historian, June 2004 <strong>Robert Kagan<\/strong><br \/>Historian, November 2003 <strong>Ian Buruma<\/strong><br \/>Writer and academic, May 2003 <strong>Sir Martin Gilbert<\/strong><br \/>The late historian, January 2003 <strong>Jagdish Bhagwati<\/strong><br \/>Economist, October 2002 <strong>Bernard Lewis<\/strong><br \/>The late historian, May 2002 <strong>Christopher Buckley<\/strong><br \/>Political satirist, October 2001 <strong>Hernando de Soto<\/strong><br \/>Economist, May 2001<\/p>\r\n<h3>1991-2000<\/h3>\r\n<p><strong>Robert Mundell<\/strong><br \/>The late Nobel Prize-winning economist, September 2000 <strong>Niall Ferguson<\/strong><br \/>Historian, May 2000 <strong>Paul Fussell<\/strong><br \/>The late historian, September 1999 <strong>Francis Fukuyama<\/strong><br \/>Political scientist, June 1999 <strong>Gary Wills<\/strong><br \/>Pulitzer Prize-winning author and journalist, September 1998 <strong>John Lukacs<\/strong><br \/>The late historian, May 1998 <strong>Mordechai Richler<\/strong><br \/>The late author, September 1997 <strong>Paul Johnson<\/strong><br \/>Historian and journalist, May 1997 <strong>James Q. Wilson<\/strong><br \/>The late political scientist, May 1996 <strong>William Kristol<\/strong><br \/>Political analyst and commentator, January 1996 <strong>Charles Krauthammer<\/strong><br \/>The late Pulitzer Prize-winning columnist, September 1995<\/p>\r\n<h2>Interested in Attending?<\/h2>\r\n<p>Lecture invitations are distributed approximately one month in advance. Submit your name and e-mail address to be added to the list.<\/p>\r\n<div class=\"wpforms-container wpforms-container-full\" id=\"wpforms-795\"><form id=\"wpforms-form-795\" class=\"wpforms-validate wpforms-form wpforms-ajax-form\" data-formid=\"795\" method=\"post\" enctype=\"multipart\/form-data\" action=\"\/fr\/wp-json\/wp\/v2\/pages\/1359\" data-token=\"80a7d8bc324b250243a1574a424a66bb\" data-token-time=\"1775396550\"><noscript class=\"wpforms-error-noscript\">Veuillez activer JavaScript dans votre navigateur pour remplir ce formulaire.<\/noscript><div class=\"wpforms-field-container\"><div id=\"wpforms-795-field_1-container\" class=\"wpforms-field wpforms-field-name\" data-field-id=\"1\"><label class=\"wpforms-field-label\" for=\"wpforms-795-field_1\">Name (Required) <span class=\"wpforms-required-label\">*<\/span><\/label><input type=\"text\" id=\"wpforms-795-field_1\" class=\"wpforms-field-large wpforms-field-required\" name=\"wpforms[fields][1]\" placeholder=\"First Last\" required><\/div><div id=\"wpforms-795-field_9-container\" class=\"wpforms-field wpforms-field-name\" data-field-id=\"9\"><label class=\"wpforms-field-label\" for=\"wpforms-795-field_9\">Organization (Optional)<\/label><input type=\"text\" id=\"wpforms-795-field_9\" class=\"wpforms-field-large\" name=\"wpforms[fields][9]\" placeholder=\"Organization Name\" ><\/div><div id=\"wpforms-795-field_2-container\" class=\"wpforms-field wpforms-field-email\" data-field-id=\"2\"><label class=\"wpforms-field-label\" for=\"wpforms-795-field_2\">E-mail Address (Required) <span class=\"wpforms-required-label\">*<\/span><\/label><input type=\"email\" id=\"wpforms-795-field_2\" class=\"wpforms-field-large wpforms-field-required\" name=\"wpforms[fields][2]\" placeholder=\"name@email.com\" spellcheck=\"false\" required><\/div><\/div><!-- .wpforms-field-container --><div class=\"wpforms-recaptcha-container wpforms-is-recaptcha wpforms-is-recaptcha-type-v3\" ><input type=\"hidden\" name=\"wpforms[recaptcha]\" value=\"\"><\/div><div class=\"wpforms-submit-container\" ><input type=\"hidden\" name=\"wpforms[id]\" value=\"795\"><input type=\"hidden\" name=\"page_title\" value=\"\"><input type=\"hidden\" name=\"page_url\" value=\"https:\/\/donner.ca\/fr\/wp-json\/wp\/v2\/pages\/1359\"><input type=\"hidden\" name=\"url_referer\" value=\"\"><button type=\"submit\" name=\"wpforms[submit]\" id=\"wpforms-submit-795\" class=\"wpforms-submit btn-round red\" data-alt-text=\"Sending...\" data-submit-text=\"Submit\" aria-live=\"assertive\" value=\"wpforms-submit\">Submit<\/button><img decoding=\"async\" src=\"https:\/\/donner.ca\/wp-content\/plugins\/wpforms\/assets\/images\/submit-spin.svg\" class=\"wpforms-submit-spinner\" style=\"display: none;\" width=\"26\" height=\"26\" alt=\"Chargement en cours\"><\/div><\/form><\/div>  <!-- .wpforms-container -->\r\n","protected":false},"excerpt":{"rendered":"<p>Lecture Series As part of its commitment to fostering public policy debate, the Donner Canadian Foundation hosts a periodic public lecture series featuring some of the world&rsquo;s most prominent intellectuals. Upcoming Lecture \u00ab\u00a0Global Britain\u00a0\u00bb? Sir David Cannadine April 13, 2023 | Toronto The coronation of King Charles III later this spring, after the long reign&hellip;<\/p>\n","protected":false},"author":2,"featured_media":1024,"parent":0,"menu_order":0,"comment_status":"closed","ping_status":"closed","template":"","meta":{"_acf_changed":false,"inline_featured_image":false,"footnotes":""},"class_list":["post-1359","page","type-page","status-publish","has-post-thumbnail","hentry"],"acf":[],"yoast_head":"<!-- This site is optimized with the Yoast SEO plugin v27.3 - https:\/\/yoast.com\/product\/yoast-seo-wordpress\/ -->\n<title>Cycle de conf\u00e9rences - Donner Canadian Foundation<\/title>\n<meta name=\"description\" content=\"Dans le cadre de son engagement \u00e0 favoriser le d\u00e9bat sur les politiques publiques, la Fondation canadienne Donner organise un cycle de conf\u00e9rences publiques p\u00e9riodiques.\" \/>\n<meta name=\"robots\" content=\"index, follow, max-snippet:-1, max-image-preview:large, max-video-preview:-1\" \/>\n<link rel=\"canonical\" href=\"https:\/\/donner.ca\/fr\/cycle-de-conferences\/\" \/>\n<meta property=\"og:locale\" content=\"fr_FR\" \/>\n<meta property=\"og:type\" content=\"article\" \/>\n<meta property=\"og:title\" content=\"Cycle de conf\u00e9rences - Donner Canadian Foundation\" \/>\n<meta property=\"og:description\" content=\"Dans le cadre de son engagement \u00e0 favoriser le d\u00e9bat sur les politiques publiques, la Fondation canadienne Donner organise un cycle de conf\u00e9rences publiques p\u00e9riodiques.\" \/>\n<meta property=\"og:url\" content=\"https:\/\/donner.ca\/fr\/cycle-de-conferences\/\" \/>\n<meta property=\"og:site_name\" content=\"Donner Canadian Foundation\" \/>\n<meta property=\"article:modified_time\" content=\"2023-04-18T13:59:38+00:00\" \/>\n<meta property=\"og:image\" content=\"https:\/\/donner.ca\/wp-content\/uploads\/placeholder-red.jpg\" \/>\n\t<meta property=\"og:image:width\" content=\"280\" \/>\n\t<meta property=\"og:image:height\" content=\"280\" \/>\n\t<meta property=\"og:image:type\" content=\"image\/jpeg\" \/>\n<meta name=\"twitter:card\" content=\"summary_large_image\" \/>\n<meta name=\"twitter:label1\" content=\"Dur\u00e9e de lecture estim\u00e9e\" \/>\n\t<meta name=\"twitter:data1\" content=\"3 minutes\" \/>\n<script type=\"application\/ld+json\" class=\"yoast-schema-graph\">{\"@context\":\"https:\\\/\\\/schema.org\",\"@graph\":[{\"@type\":\"WebPage\",\"@id\":\"https:\\\/\\\/donner.ca\\\/fr\\\/cycle-de-conferences\\\/\",\"url\":\"https:\\\/\\\/donner.ca\\\/fr\\\/cycle-de-conferences\\\/\",\"name\":\"Cycle de conf\u00e9rences - Donner Canadian Foundation\",\"isPartOf\":{\"@id\":\"https:\\\/\\\/donner.ca\\\/fr\\\/#website\"},\"primaryImageOfPage\":{\"@id\":\"https:\\\/\\\/donner.ca\\\/fr\\\/cycle-de-conferences\\\/#primaryimage\"},\"image\":{\"@id\":\"https:\\\/\\\/donner.ca\\\/fr\\\/cycle-de-conferences\\\/#primaryimage\"},\"thumbnailUrl\":\"https:\\\/\\\/donner.ca\\\/wp-content\\\/uploads\\\/placeholder-red.jpg\",\"datePublished\":\"2022-11-22T13:35:24+00:00\",\"dateModified\":\"2023-04-18T13:59:38+00:00\",\"description\":\"Dans le cadre de son engagement \u00e0 favoriser le d\u00e9bat sur les politiques publiques, la Fondation canadienne Donner organise un cycle de conf\u00e9rences publiques p\u00e9riodiques.\",\"breadcrumb\":{\"@id\":\"https:\\\/\\\/donner.ca\\\/fr\\\/cycle-de-conferences\\\/#breadcrumb\"},\"inLanguage\":\"fr-FR\",\"potentialAction\":[{\"@type\":\"ReadAction\",\"target\":[\"https:\\\/\\\/donner.ca\\\/fr\\\/cycle-de-conferences\\\/\"]}]},{\"@type\":\"ImageObject\",\"inLanguage\":\"fr-FR\",\"@id\":\"https:\\\/\\\/donner.ca\\\/fr\\\/cycle-de-conferences\\\/#primaryimage\",\"url\":\"https:\\\/\\\/donner.ca\\\/wp-content\\\/uploads\\\/placeholder-red.jpg\",\"contentUrl\":\"https:\\\/\\\/donner.ca\\\/wp-content\\\/uploads\\\/placeholder-red.jpg\",\"width\":280,\"height\":280},{\"@type\":\"BreadcrumbList\",\"@id\":\"https:\\\/\\\/donner.ca\\\/fr\\\/cycle-de-conferences\\\/#breadcrumb\",\"itemListElement\":[{\"@type\":\"ListItem\",\"position\":1,\"name\":\"Home\",\"item\":\"https:\\\/\\\/donner.ca\\\/fr\\\/\"},{\"@type\":\"ListItem\",\"position\":2,\"name\":\"Cycle de conf\u00e9rences\"}]},{\"@type\":\"WebSite\",\"@id\":\"https:\\\/\\\/donner.ca\\\/fr\\\/#website\",\"url\":\"https:\\\/\\\/donner.ca\\\/fr\\\/\",\"name\":\"Donner Canadian Foundation\",\"description\":\"Philanthropy Rooted in Five Generations\",\"potentialAction\":[{\"@type\":\"SearchAction\",\"target\":{\"@type\":\"EntryPoint\",\"urlTemplate\":\"https:\\\/\\\/donner.ca\\\/fr\\\/?s={search_term_string}\"},\"query-input\":{\"@type\":\"PropertyValueSpecification\",\"valueRequired\":true,\"valueName\":\"search_term_string\"}}],\"inLanguage\":\"fr-FR\"}]}<\/script>\n<!-- \/ Yoast SEO plugin. -->","yoast_head_json":{"title":"Cycle de conf\u00e9rences - Donner Canadian Foundation","description":"Dans le cadre de son engagement \u00e0 favoriser le d\u00e9bat sur les politiques publiques, la Fondation canadienne Donner organise un cycle de conf\u00e9rences publiques p\u00e9riodiques.","robots":{"index":"index","follow":"follow","max-snippet":"max-snippet:-1","max-image-preview":"max-image-preview:large","max-video-preview":"max-video-preview:-1"},"canonical":"https:\/\/donner.ca\/fr\/cycle-de-conferences\/","og_locale":"fr_FR","og_type":"article","og_title":"Cycle de conf\u00e9rences - Donner Canadian Foundation","og_description":"Dans le cadre de son engagement \u00e0 favoriser le d\u00e9bat sur les politiques publiques, la Fondation canadienne Donner organise un cycle de conf\u00e9rences publiques p\u00e9riodiques.","og_url":"https:\/\/donner.ca\/fr\/cycle-de-conferences\/","og_site_name":"Donner Canadian Foundation","article_modified_time":"2023-04-18T13:59:38+00:00","og_image":[{"width":280,"height":280,"url":"https:\/\/donner.ca\/wp-content\/uploads\/placeholder-red.jpg","type":"image\/jpeg"}],"twitter_card":"summary_large_image","twitter_misc":{"Dur\u00e9e de lecture estim\u00e9e":"3 minutes"},"schema":{"@context":"https:\/\/schema.org","@graph":[{"@type":"WebPage","@id":"https:\/\/donner.ca\/fr\/cycle-de-conferences\/","url":"https:\/\/donner.ca\/fr\/cycle-de-conferences\/","name":"Cycle de conf\u00e9rences - Donner Canadian Foundation","isPartOf":{"@id":"https:\/\/donner.ca\/fr\/#website"},"primaryImageOfPage":{"@id":"https:\/\/donner.ca\/fr\/cycle-de-conferences\/#primaryimage"},"image":{"@id":"https:\/\/donner.ca\/fr\/cycle-de-conferences\/#primaryimage"},"thumbnailUrl":"https:\/\/donner.ca\/wp-content\/uploads\/placeholder-red.jpg","datePublished":"2022-11-22T13:35:24+00:00","dateModified":"2023-04-18T13:59:38+00:00","description":"Dans le cadre de son engagement \u00e0 favoriser le d\u00e9bat sur les politiques publiques, la Fondation canadienne Donner organise un cycle de conf\u00e9rences publiques p\u00e9riodiques.","breadcrumb":{"@id":"https:\/\/donner.ca\/fr\/cycle-de-conferences\/#breadcrumb"},"inLanguage":"fr-FR","potentialAction":[{"@type":"ReadAction","target":["https:\/\/donner.ca\/fr\/cycle-de-conferences\/"]}]},{"@type":"ImageObject","inLanguage":"fr-FR","@id":"https:\/\/donner.ca\/fr\/cycle-de-conferences\/#primaryimage","url":"https:\/\/donner.ca\/wp-content\/uploads\/placeholder-red.jpg","contentUrl":"https:\/\/donner.ca\/wp-content\/uploads\/placeholder-red.jpg","width":280,"height":280},{"@type":"BreadcrumbList","@id":"https:\/\/donner.ca\/fr\/cycle-de-conferences\/#breadcrumb","itemListElement":[{"@type":"ListItem","position":1,"name":"Home","item":"https:\/\/donner.ca\/fr\/"},{"@type":"ListItem","position":2,"name":"Cycle de conf\u00e9rences"}]},{"@type":"WebSite","@id":"https:\/\/donner.ca\/fr\/#website","url":"https:\/\/donner.ca\/fr\/","name":"Donner Canadian Foundation","description":"Philanthropy Rooted in Five Generations","potentialAction":[{"@type":"SearchAction","target":{"@type":"EntryPoint","urlTemplate":"https:\/\/donner.ca\/fr\/?s={search_term_string}"},"query-input":{"@type":"PropertyValueSpecification","valueRequired":true,"valueName":"search_term_string"}}],"inLanguage":"fr-FR"}]}},"_links":{"self":[{"href":"https:\/\/donner.ca\/fr\/wp-json\/wp\/v2\/pages\/1359","targetHints":{"allow":["GET"]}}],"collection":[{"href":"https:\/\/donner.ca\/fr\/wp-json\/wp\/v2\/pages"}],"about":[{"href":"https:\/\/donner.ca\/fr\/wp-json\/wp\/v2\/types\/page"}],"author":[{"embeddable":true,"href":"https:\/\/donner.ca\/fr\/wp-json\/wp\/v2\/users\/2"}],"replies":[{"embeddable":true,"href":"https:\/\/donner.ca\/fr\/wp-json\/wp\/v2\/comments?post=1359"}],"version-history":[{"count":0,"href":"https:\/\/donner.ca\/fr\/wp-json\/wp\/v2\/pages\/1359\/revisions"}],"wp:featuredmedia":[{"embeddable":true,"href":"https:\/\/donner.ca\/fr\/wp-json\/wp\/v2\/media\/1024"}],"wp:attachment":[{"href":"https:\/\/donner.ca\/fr\/wp-json\/wp\/v2\/media?parent=1359"}],"curies":[{"name":"wp","href":"https:\/\/api.w.org\/{rel}","templated":true}]}}