{"id":1361,"date":"2022-11-22T13:35:46","date_gmt":"2022-11-22T13:35:46","guid":{"rendered":"https:\/\/donnercanada.wpengine.com\/notre-histoire\/"},"modified":"2026-04-09T18:11:37","modified_gmt":"2026-04-09T18:11:37","slug":"notre-histoire","status":"publish","type":"page","link":"https:\/\/donner.ca\/fr\/notre-histoire\/","title":{"rendered":"Notre histoire"},"content":{"rendered":"\r\n<h1>Our Story<\/h1>\r\n<p><a href=\"#main-content\" aria-label=\"Go to main content\"> <img decoding=\"async\" src=\"\/wp-content\/uploads\/Arrow-Down-Red.svg\" alt=\"\" \/> <\/a><\/p>\r\n<h2>Philanthropy Rooted in Five Generations<\/h2>\r\n<p>The Donner Canadian Foundation is a Toronto-based private family foundation with national scope. Established in 1950, through a bequest from American industrialist and philanthropist William Henry Donner, the foundation has had a significant role in Canadian philanthropy for nearly 75 years and has contributed more than $200 million to an array of charitable endeavours across Canada and in many other parts of the world.<\/p>\r\n<p>Toward the end of his long life, Donner turned much of his attention to Canada, a country he had first come to love decades earlier, as the owner of Squirrel Island in Lake Muskoka. With great personal interest, he supported the pioneering work of Dr. Wilder Penfield, director of the Montreal Neurological Institute, and contributed funds for the construction of the Donner Building for Medical Research at McGill University. Following his death in Montreal, in 1953, the foundation he had set up received a significant bequest. For the next decade, Donner Canadian Foundation grants supported multi-disciplinary medical research at McGill University.<\/p>\r\n<p>In the mid-1960s, Donner&rsquo;s grandchildren assumed leadership of the foundation and engaged professional staff. In 1967, the Donner Canadian Foundation launched a new philanthropic vision, with a focus on public policy, to celebrate Canada&rsquo;s Centennial. Eminent Canadians on the Board of Governors have provided guidance since that time.<\/p>\r\n<p>At the turn of this century, the foundation began a new chapter of philanthropy, focused on the broad interests of Donner&rsquo;s descendants. Today, the foundation supports land and wildlife conservation, social services, international affairs and development, and public policy research.<\/p>\r\n<p>In 2022, Members, Governors, and Staff selected a new logo that features a maple leaf with five branches, symbolizing the multi-generational commitment of the Donner family to Canadian philanthropy.<\/p>\r\n<p><img decoding=\"async\" title=\"Large Hero Branches\" src=\"https:\/\/\tdonner.ca\/wp-content\/uploads\/Large-Hero-Branches.svg\" alt=\"Large Hero Branches\" \/> <img decoding=\"async\" src=\"https:\/\/\tdonner.ca\/wp-content\/uploads\/story-slider-1.jpg\" alt=\"\" \/><\/p>\r\n<p>William H. Donner in the 1940s<\/p>\r\n<p><img decoding=\"async\" src=\"https:\/\/\tdonner.ca\/wp-content\/uploads\/story-slider-1.jpg\" alt=\"\" \/> <img decoding=\"async\" src=\"https:\/\/\tdonner.ca\/wp-content\/uploads\/story-slider-2.jpg\" alt=\"\" \/><\/p>\r\n<p>William H. Donner as a young man<\/p>\r\n<p><img decoding=\"async\" src=\"https:\/\/\tdonner.ca\/wp-content\/uploads\/story-slider-2.jpg\" alt=\"\" \/> <img decoding=\"async\" src=\"https:\/\/\tdonner.ca\/wp-content\/uploads\/story-slider-3.jpg\" alt=\"\" \/><\/p>\r\n<p>Donner Building for Medical Research, McGill University (Courtesy of McGill University Archives)<\/p>\r\n<p><img decoding=\"async\" src=\"https:\/\/\tdonner.ca\/wp-content\/uploads\/story-slider-3.jpg\" alt=\"\" \/> <img decoding=\"async\" src=\"https:\/\/\tdonner.ca\/wp-content\/uploads\/story-slider-4.jpg\" alt=\"\" \/><\/p>\r\n<p>Named in his honour, the steamship William H. Donner transported cargo on the Great Lakes from 1914 to 1970.<\/p>\r\n<p><img decoding=\"async\" src=\"https:\/\/\tdonner.ca\/wp-content\/uploads\/story-slider-4.jpg\" alt=\"\" \/><\/p>\r\n<nav aria-label=\"content slider buttons\"><\/nav>\r\n<h2>William H. Donner<\/h2>\r\n<p>William Henry Donner was born in 1864, in Columbus, Indiana. His keen intelligence, talent for business, and appetite for risk were apparent from an early age. He introduced transformative technologies to a series of companies, culminating in his final industrial venture, the Donner Steel Company of Buffalo, which he operated successfully until its sale in 1929.<\/p>\r\n<p>From 1929 until his death in 1953, Donner devoted his time and considerable energy to philanthropic work. Donner&rsquo;s legacy includes two foundations that bear his name: the U.S.-based William H. Donner Foundation and the Donner Canadian Foundation. The Donner family continues his legacy through active engagement in both foundations.<\/p>\r\n<h2>Memberships<\/h2>\r\n<p>The Donner Canadian Foundation benefits from many connections with the broader philanthropic community and holds memberships in the following organizations.<\/p>\r\n            <div class=\"members-container\">\n                <ul class=\"members-list\">\n                                         \n                        <li class=\"member-list_item\">\n                            <div class=\"item--logo\">\n                                <img decoding=\"async\" src=\"https:\/\/donner.ca\/wp-content\/uploads\/The-Circle-short-logo-1.png\" alt=\"The Circle logo.\" \/>\n                            <\/div>\n                            <div class=\"item--details\">\n\t\t\t\t\t\t\t\t<p class=\"\">Le Cercle sur la philanthropie transforme la philanthropie et contribue \u00e0 un changement positif entre le secteur philanthropique et les communaut\u00e9s autochtones en cr\u00e9ant des espaces d'apprentissage, d'innovation, d'\u00e9tablissement de relations, de co-cr\u00e9ation et d'activation.<\/p>\n                                                                    <div>\n                                        <a href=\"https:\/\/www.the-circle.ca\/\" class=\"arrowlink noarrow acc_external_link\" target=\"_blank\">\n                                            Acc\u00e9der au site du Cercle (ENG)                                        <\/a>\n                                    <\/div>\n                                                            <\/div>\n                        <\/li>\n\n                                                \n                        <li class=\"member-list_item\">\n                            <div class=\"item--logo\">\n                                <img decoding=\"async\" src=\"https:\/\/donner.ca\/wp-content\/uploads\/EFC-logo_2line.png\" alt=\"The Environment Funders Canada logo.\" \/>\n                            <\/div>\n                            <div class=\"item--details\">\n\t\t\t\t\t\t\t\t<p class=\"\">Financeurs en environnement Canada catalyse les bailleurs de fonds pour r\u00e9pondre aux crises environnementales avec des solutions ambitieuses et innovantes. Il inspire et soutient ses plus de 75 membres avec des sessions d'apprentissage, des recherches et des collaborations avec des bailleurs de fonds.<\/p>\n                                                                    <div>\n                                        <a href=\"https:\/\/environmentfunders.ca\/\" class=\"arrowlink noarrow acc_external_link\" target=\"_blank\">\n                                            Acc\u00e9der au site de FEC (ENG)                                        <\/a>\n                                    <\/div>\n                                                            <\/div>\n                        <\/li>\n\n                                                \n                        <li class=\"member-list_item\">\n                            <div class=\"item--logo\">\n                                <img decoding=\"async\" src=\"https:\/\/donner.ca\/wp-content\/uploads\/logo_fpc_fr.svg\" alt=\"\" \/>\n                            <\/div>\n                            <div class=\"item--details\">\n\t\t\t\t\t\t\t\t<p class=\"\">Les membres du conseil d\u2019administration et le personnel de Fondations Philanthropiques Canada croient au pouvoir de la philanthropie pour apporter des changements et promouvoir le bien commun. Travaillant en collaboration avec ses 132 membres, la soci\u00e9t\u00e9 civile, le secteur priv\u00e9 et les gouvernements, PFC lutte pour un monde juste, \u00e9quitable et durable.<\/p>\n                                                                    <div>\n                                        <a href=\"https:\/\/pfc.ca\/fr\/\" class=\"arrowlink noarrow acc_external_link\" target=\"_blank\">\n                                            Acc\u00e9der au site de FPC                                        <\/a>\n                                    <\/div>\n                                                            <\/div>\n                        <\/li>\n\n                                                \n                        <li class=\"member-list_item\">\n                            <div class=\"item--logo\">\n                                <img decoding=\"async\" src=\"https:\/\/donner.ca\/wp-content\/uploads\/Animal-Grantmakers-Logo-1.png\" alt=\"\" \/>\n                            <\/div>\n                            <div class=\"item--details\">\n\t\t\t\t\t\t\t\t<p class=\"\">Animal Grantmakers est le principal groupe d\u2019affinit\u00e9 philanthropique pour les donateurs en faveur des animaux. Ses membres \u2013 fondations, organismes de bienfaisance publics, programmes de dons d\u2019entreprises, particuliers et autres philanthropes \u2013 travaillent individuellement et collectivement sur des probl\u00e8mes nationaux et mondiaux touchant tous les types d\u2019animaux. Ensemble, ils envisagent un monde plus s\u00fbr et plus respectueux des animaux \u2013 et un avenir meilleur et plus durable pour toutes et tous.<\/p>\n                                                                    <div>\n                                        <a href=\"https:\/\/www.animalgrantmakers.org\/\" class=\"arrowlink noarrow acc_external_link\" target=\"_blank\">\n                                            Acc\u00e9der au site de AG                                        <\/a>\n                                    <\/div>\n                                                            <\/div>\n                        <\/li>\n\n                                        <\/ul>\n            <\/div>\n        \r\n","protected":false},"excerpt":{"rendered":"<p>Our Story Philanthropy Rooted in Five Generations The Donner Canadian Foundation is a Toronto-based private family foundation with national scope. Established in 1950, through a bequest from American industrialist and philanthropist William Henry Donner, the foundation has had a significant role in Canadian philanthropy for nearly 75 years and has contributed more than $200 million&hellip;<\/p>\n","protected":false},"author":2,"featured_media":1024,"parent":0,"menu_order":0,"comment_status":"closed","ping_status":"closed","template":"","meta":{"_acf_changed":false,"inline_featured_image":false,"footnotes":""},"class_list":["post-1361","page","type-page","status-publish","has-post-thumbnail","hentry"],"acf":[],"yoast_head":"<!-- This site is optimized with the Yoast SEO plugin v27.4 - https:\/\/yoast.com\/product\/yoast-seo-wordpress\/ -->\n<title>Notre histoire - Donner Canadian Foundation<\/title>\n<meta name=\"description\" content=\"The Donner Canadian Foundation is a Toronto-based private family foundation with national scope.\" \/>\n<meta name=\"robots\" content=\"index, follow, max-snippet:-1, max-image-preview:large, max-video-preview:-1\" \/>\n<link rel=\"canonical\" href=\"https:\/\/donner.ca\/fr\/notre-histoire\/\" \/>\n<meta property=\"og:locale\" content=\"fr_FR\" \/>\n<meta property=\"og:type\" content=\"article\" \/>\n<meta property=\"og:title\" content=\"Notre histoire - Donner Canadian Foundation\" \/>\n<meta property=\"og:description\" content=\"The Donner Canadian Foundation is a Toronto-based private family foundation with national scope.\" \/>\n<meta property=\"og:url\" content=\"https:\/\/donner.ca\/fr\/notre-histoire\/\" \/>\n<meta property=\"og:site_name\" content=\"Donner Canadian Foundation\" \/>\n<meta property=\"article:modified_time\" content=\"2026-04-09T18:11:37+00:00\" \/>\n<meta property=\"og:image\" content=\"https:\/\/donner.ca\/wp-content\/uploads\/placeholder-red.jpg\" \/>\n\t<meta property=\"og:image:width\" content=\"280\" \/>\n\t<meta property=\"og:image:height\" content=\"280\" \/>\n\t<meta property=\"og:image:type\" content=\"image\/jpeg\" \/>\n<meta name=\"twitter:card\" content=\"summary_large_image\" \/>\n<meta name=\"twitter:label1\" content=\"Dur\u00e9e de lecture estim\u00e9e\" \/>\n\t<meta name=\"twitter:data1\" content=\"7 minutes\" \/>\n<script type=\"application\/ld+json\" class=\"yoast-schema-graph\">{\"@context\":\"https:\\\/\\\/schema.org\",\"@graph\":[{\"@type\":\"WebPage\",\"@id\":\"https:\\\/\\\/donner.ca\\\/fr\\\/notre-histoire\\\/\",\"url\":\"https:\\\/\\\/donner.ca\\\/fr\\\/notre-histoire\\\/\",\"name\":\"Notre histoire - Donner Canadian Foundation\",\"isPartOf\":{\"@id\":\"https:\\\/\\\/donner.ca\\\/fr\\\/#website\"},\"primaryImageOfPage\":{\"@id\":\"https:\\\/\\\/donner.ca\\\/fr\\\/notre-histoire\\\/#primaryimage\"},\"image\":{\"@id\":\"https:\\\/\\\/donner.ca\\\/fr\\\/notre-histoire\\\/#primaryimage\"},\"thumbnailUrl\":\"https:\\\/\\\/donner.ca\\\/wp-content\\\/uploads\\\/placeholder-red.jpg\",\"datePublished\":\"2022-11-22T13:35:46+00:00\",\"dateModified\":\"2026-04-09T18:11:37+00:00\",\"description\":\"The Donner Canadian Foundation is a Toronto-based private family foundation with national scope.\",\"breadcrumb\":{\"@id\":\"https:\\\/\\\/donner.ca\\\/fr\\\/notre-histoire\\\/#breadcrumb\"},\"inLanguage\":\"fr-FR\",\"potentialAction\":[{\"@type\":\"ReadAction\",\"target\":[\"https:\\\/\\\/donner.ca\\\/fr\\\/notre-histoire\\\/\"]}]},{\"@type\":\"ImageObject\",\"inLanguage\":\"fr-FR\",\"@id\":\"https:\\\/\\\/donner.ca\\\/fr\\\/notre-histoire\\\/#primaryimage\",\"url\":\"https:\\\/\\\/donner.ca\\\/wp-content\\\/uploads\\\/placeholder-red.jpg\",\"contentUrl\":\"https:\\\/\\\/donner.ca\\\/wp-content\\\/uploads\\\/placeholder-red.jpg\",\"width\":280,\"height\":280},{\"@type\":\"BreadcrumbList\",\"@id\":\"https:\\\/\\\/donner.ca\\\/fr\\\/notre-histoire\\\/#breadcrumb\",\"itemListElement\":[{\"@type\":\"ListItem\",\"position\":1,\"name\":\"Home\",\"item\":\"https:\\\/\\\/donner.ca\\\/fr\\\/\"},{\"@type\":\"ListItem\",\"position\":2,\"name\":\"Notre histoire\"}]},{\"@type\":\"WebSite\",\"@id\":\"https:\\\/\\\/donner.ca\\\/fr\\\/#website\",\"url\":\"https:\\\/\\\/donner.ca\\\/fr\\\/\",\"name\":\"Donner Canadian Foundation\",\"description\":\"Philanthropy Rooted in Five Generations\",\"potentialAction\":[{\"@type\":\"SearchAction\",\"target\":{\"@type\":\"EntryPoint\",\"urlTemplate\":\"https:\\\/\\\/donner.ca\\\/fr\\\/?s={search_term_string}\"},\"query-input\":{\"@type\":\"PropertyValueSpecification\",\"valueRequired\":true,\"valueName\":\"search_term_string\"}}],\"inLanguage\":\"fr-FR\"}]}<\/script>\n<!-- \/ Yoast SEO plugin. -->","yoast_head_json":{"title":"Notre histoire - Donner Canadian Foundation","description":"The Donner Canadian Foundation is a Toronto-based private family foundation with national scope.","robots":{"index":"index","follow":"follow","max-snippet":"max-snippet:-1","max-image-preview":"max-image-preview:large","max-video-preview":"max-video-preview:-1"},"canonical":"https:\/\/donner.ca\/fr\/notre-histoire\/","og_locale":"fr_FR","og_type":"article","og_title":"Notre histoire - Donner Canadian Foundation","og_description":"The Donner Canadian Foundation is a Toronto-based private family foundation with national scope.","og_url":"https:\/\/donner.ca\/fr\/notre-histoire\/","og_site_name":"Donner Canadian Foundation","article_modified_time":"2026-04-09T18:11:37+00:00","og_image":[{"width":280,"height":280,"url":"https:\/\/donner.ca\/wp-content\/uploads\/placeholder-red.jpg","type":"image\/jpeg"}],"twitter_card":"summary_large_image","twitter_misc":{"Dur\u00e9e de lecture estim\u00e9e":"7 minutes"},"schema":{"@context":"https:\/\/schema.org","@graph":[{"@type":"WebPage","@id":"https:\/\/donner.ca\/fr\/notre-histoire\/","url":"https:\/\/donner.ca\/fr\/notre-histoire\/","name":"Notre histoire - Donner Canadian Foundation","isPartOf":{"@id":"https:\/\/donner.ca\/fr\/#website"},"primaryImageOfPage":{"@id":"https:\/\/donner.ca\/fr\/notre-histoire\/#primaryimage"},"image":{"@id":"https:\/\/donner.ca\/fr\/notre-histoire\/#primaryimage"},"thumbnailUrl":"https:\/\/donner.ca\/wp-content\/uploads\/placeholder-red.jpg","datePublished":"2022-11-22T13:35:46+00:00","dateModified":"2026-04-09T18:11:37+00:00","description":"The Donner Canadian Foundation is a Toronto-based private family foundation with national scope.","breadcrumb":{"@id":"https:\/\/donner.ca\/fr\/notre-histoire\/#breadcrumb"},"inLanguage":"fr-FR","potentialAction":[{"@type":"ReadAction","target":["https:\/\/donner.ca\/fr\/notre-histoire\/"]}]},{"@type":"ImageObject","inLanguage":"fr-FR","@id":"https:\/\/donner.ca\/fr\/notre-histoire\/#primaryimage","url":"https:\/\/donner.ca\/wp-content\/uploads\/placeholder-red.jpg","contentUrl":"https:\/\/donner.ca\/wp-content\/uploads\/placeholder-red.jpg","width":280,"height":280},{"@type":"BreadcrumbList","@id":"https:\/\/donner.ca\/fr\/notre-histoire\/#breadcrumb","itemListElement":[{"@type":"ListItem","position":1,"name":"Home","item":"https:\/\/donner.ca\/fr\/"},{"@type":"ListItem","position":2,"name":"Notre histoire"}]},{"@type":"WebSite","@id":"https:\/\/donner.ca\/fr\/#website","url":"https:\/\/donner.ca\/fr\/","name":"Donner Canadian Foundation","description":"Philanthropy Rooted in Five Generations","potentialAction":[{"@type":"SearchAction","target":{"@type":"EntryPoint","urlTemplate":"https:\/\/donner.ca\/fr\/?s={search_term_string}"},"query-input":{"@type":"PropertyValueSpecification","valueRequired":true,"valueName":"search_term_string"}}],"inLanguage":"fr-FR"}]}},"_links":{"self":[{"href":"https:\/\/donner.ca\/fr\/wp-json\/wp\/v2\/pages\/1361","targetHints":{"allow":["GET"]}}],"collection":[{"href":"https:\/\/donner.ca\/fr\/wp-json\/wp\/v2\/pages"}],"about":[{"href":"https:\/\/donner.ca\/fr\/wp-json\/wp\/v2\/types\/page"}],"author":[{"embeddable":true,"href":"https:\/\/donner.ca\/fr\/wp-json\/wp\/v2\/users\/2"}],"replies":[{"embeddable":true,"href":"https:\/\/donner.ca\/fr\/wp-json\/wp\/v2\/comments?post=1361"}],"version-history":[{"count":0,"href":"https:\/\/donner.ca\/fr\/wp-json\/wp\/v2\/pages\/1361\/revisions"}],"wp:featuredmedia":[{"embeddable":true,"href":"https:\/\/donner.ca\/fr\/wp-json\/wp\/v2\/media\/1024"}],"wp:attachment":[{"href":"https:\/\/donner.ca\/fr\/wp-json\/wp\/v2\/media?parent=1361"}],"curies":[{"name":"wp","href":"https:\/\/api.w.org\/{rel}","templated":true}]}}