{"id":1364,"date":"2022-12-13T13:20:16","date_gmt":"2022-12-13T13:20:16","guid":{"rendered":"https:\/\/donnercanada.wpengine.com\/histoires-percutantes\/"},"modified":"2023-03-23T17:19:26","modified_gmt":"2023-03-23T17:19:26","slug":"histoires-percutantes","status":"publish","type":"page","link":"https:\/\/donner.ca\/fr\/histoires-percutantes\/","title":{"rendered":"Histoires percutantes"},"content":{"rendered":"\n<h1>\n\t\tImpact Stories\n\t<\/h1>\n\t<p>Since 1950, the Donner Canadian Foundation has been advancing causes through granting partnerships with dynamic Canadian organizations. Read more below.<\/p>\n    <a aria-label=\"Go to main content\" href=\"#main-content\">\n        <img decoding=\"async\" src=\"\/wp-content\/uploads\/Arrow-Down-Red.svg\" alt=\"\" \/>\n    <\/a>\n\t\n    <div class=\"post-wedget \">\n        <div class=\"post\">\n        <div class=\"postBox\">\n                        <div class=\"postTop\">\n                <div class=\"imgBox\">\n                    <img decoding=\"async\" width=\"800\" height=\"419\" src=\"https:\/\/donner.ca\/wp-content\/uploads\/DCF-Windmill-Microlending-Impact-Story-Photo-800x419.jpeg\" class=\"attachment-medium size-medium wp-post-image\" alt=\"\" srcset=\"https:\/\/donner.ca\/wp-content\/uploads\/DCF-Windmill-Microlending-Impact-Story-Photo-800x419.jpeg 800w, https:\/\/donner.ca\/wp-content\/uploads\/DCF-Windmill-Microlending-Impact-Story-Photo-768x402.jpeg 768w, https:\/\/donner.ca\/wp-content\/uploads\/DCF-Windmill-Microlending-Impact-Story-Photo.jpeg 1024w\" sizes=\"(max-width: 800px) 100vw, 800px\" \/>                <\/div>\n            <\/div>\n                        <div class=\"postBottom\">\n                <div class=\"postTitle\">\n                    <a href=\"https:\/\/donner.ca\/fr\/story\/le-moulin-microcredits-des-microcredits-pour-des-transformations-majeures-de-carriere\/\" class=\"titleLink\"><h2 class=\"h4\">Le Moulin Microcr\u00e9dits : Des microcr\u00e9dits pour des transformations majeures de carri\u00e8re<\/h2><\/a>\n                <\/div>\n                <div class=\"infoBox\">\n                    <p class=\"infoPost\">26 avril 2024<\/p>\n                    <a class=\"arrowlink red\" href=\"https:\/\/donner.ca\/fr\/story\/le-moulin-microcredits-des-microcredits-pour-des-transformations-majeures-de-carriere\/\" aria-label=\"Read the story about Le Moulin Microcr\u00e9dits : Des microcr\u00e9dits pour des transformations majeures de carri\u00e8re\">Lire l'histoire<\/a>\n                <\/div>\n            <\/div>\n        <\/div>\n    <\/div>\n        <div class=\"post\">\n        <div class=\"postBox\">\n                        <div class=\"postTop\">\n                <div class=\"imgBox\">\n                    <img decoding=\"async\" width=\"800\" height=\"500\" src=\"https:\/\/donner.ca\/wp-content\/uploads\/impact-story-2-coastfunds-hero-800x500.jpg\" class=\"attachment-medium size-medium wp-post-image\" alt=\"Two men in baseball caps recording in an inflatable row bow boat. One man is writing on a clipboard while the other is counting kelp in a quadrant made of grey PVC pipe.\" srcset=\"https:\/\/donner.ca\/wp-content\/uploads\/impact-story-2-coastfunds-hero-800x500.jpg 800w, https:\/\/donner.ca\/wp-content\/uploads\/impact-story-2-coastfunds-hero-768x480.jpg 768w, https:\/\/donner.ca\/wp-content\/uploads\/impact-story-2-coastfunds-hero-1536x960.jpg 1536w, https:\/\/donner.ca\/wp-content\/uploads\/impact-story-2-coastfunds-hero.jpg 1600w\" sizes=\"(max-width: 800px) 100vw, 800px\" \/>                <\/div>\n            <\/div>\n                        <div class=\"postBottom\">\n                <div class=\"postTitle\">\n                    <a href=\"https:\/\/donner.ca\/fr\/story\/coast-funds-le-premier-fonds-de-conservation-au-monde-mene-par-des-autochtones\/\" class=\"titleLink\"><h2 class=\"h4\">Coast Funds&nbsp;: le premier fonds de conservation au monde men\u00e9 par des Autochtones<\/h2><\/a>\n                <\/div>\n                <div class=\"infoBox\">\n                    <p class=\"infoPost\">1 f\u00e9vrier 2023<\/p>\n                    <a class=\"arrowlink red\" href=\"https:\/\/donner.ca\/fr\/story\/coast-funds-le-premier-fonds-de-conservation-au-monde-mene-par-des-autochtones\/\" aria-label=\"Read the story about Coast Funds&nbsp;: le premier fonds de conservation au monde men\u00e9 par des Autochtones\">Lire l'histoire<\/a>\n                <\/div>\n            <\/div>\n        <\/div>\n    <\/div>\n        <div class=\"post\">\n        <div class=\"postBox\">\n                        <div class=\"postTop\">\n                <div class=\"imgBox\">\n                    <img decoding=\"async\" width=\"800\" height=\"500\" src=\"https:\/\/donner.ca\/wp-content\/uploads\/impact-story-1-ocean-hero-800x500.jpg\" class=\"attachment-medium size-medium wp-post-image\" alt=\"Fishing boats floating in the Bay of Fundy harbour.\" srcset=\"https:\/\/donner.ca\/wp-content\/uploads\/impact-story-1-ocean-hero-800x500.jpg 800w, https:\/\/donner.ca\/wp-content\/uploads\/impact-story-1-ocean-hero-768x480.jpg 768w, https:\/\/donner.ca\/wp-content\/uploads\/impact-story-1-ocean-hero-1536x960.jpg 1536w, https:\/\/donner.ca\/wp-content\/uploads\/impact-story-1-ocean-hero.jpg 1600w\" sizes=\"(max-width: 800px) 100vw, 800px\" \/>                <\/div>\n            <\/div>\n                        <div class=\"postBottom\">\n                <div class=\"postTitle\">\n                    <a href=\"https:\/\/donner.ca\/fr\/story\/oceans-nord-conservation-en-partenariat-avec-les-communautes-autochtones-et-cotieres\/\" class=\"titleLink\"><h2 class=\"h4\">Oc\u00e9ans Nord&nbsp;: Conservation en partenariat avec les communaut\u00e9s autochtones et c\u00f4ti\u00e8res<\/h2><\/a>\n                <\/div>\n                <div class=\"infoBox\">\n                    <p class=\"infoPost\">1 f\u00e9vrier 2023<\/p>\n                    <a class=\"arrowlink red\" href=\"https:\/\/donner.ca\/fr\/story\/oceans-nord-conservation-en-partenariat-avec-les-communautes-autochtones-et-cotieres\/\" aria-label=\"Read the story about Oc\u00e9ans Nord&nbsp;: Conservation en partenariat avec les communaut\u00e9s autochtones et c\u00f4ti\u00e8res\">Lire l'histoire<\/a>\n                <\/div>\n            <\/div>\n        <\/div>\n    <\/div>\n        <div class=\"post\">\n        <div class=\"postBox\">\n                        <div class=\"postTop\">\n                <div class=\"imgBox\">\n                    <img decoding=\"async\" width=\"800\" height=\"500\" src=\"https:\/\/donner.ca\/wp-content\/uploads\/impact-story-4-battery-hero-800x500.jpg\" class=\"attachment-medium size-medium wp-post-image\" alt=\"An engine is charging at an electric car charging station, with a technical drawing indicating where the card body would be.\" srcset=\"https:\/\/donner.ca\/wp-content\/uploads\/impact-story-4-battery-hero-800x500.jpg 800w, https:\/\/donner.ca\/wp-content\/uploads\/impact-story-4-battery-hero-768x480.jpg 768w, https:\/\/donner.ca\/wp-content\/uploads\/impact-story-4-battery-hero-1536x960.jpg 1536w, https:\/\/donner.ca\/wp-content\/uploads\/impact-story-4-battery-hero.jpg 1600w\" sizes=\"(max-width: 800px) 100vw, 800px\" \/>                <\/div>\n            <\/div>\n                        <div class=\"postBottom\">\n                <div class=\"postTitle\">\n                    <a href=\"https:\/\/donner.ca\/fr\/story\/canadian-battery-task-force\/\" class=\"titleLink\"><h2 class=\"h4\">Groupe de travail canadien sur les batteries&nbsp;: collaborer pour un avenir aliment\u00e9 par batteries<\/h2><\/a>\n                <\/div>\n                <div class=\"infoBox\">\n                    <p class=\"infoPost\">1 f\u00e9vrier 2023<\/p>\n                    <a class=\"arrowlink red\" href=\"https:\/\/donner.ca\/fr\/story\/canadian-battery-task-force\/\" aria-label=\"Read the story about Groupe de travail canadien sur les batteries&nbsp;: collaborer pour un avenir aliment\u00e9 par batteries\">Lire l'histoire<\/a>\n                <\/div>\n            <\/div>\n        <\/div>\n    <\/div>\n        <div class=\"post\">\n        <div class=\"postBox\">\n                        <div class=\"postTop\">\n                <div class=\"imgBox\">\n                    <img decoding=\"async\" width=\"800\" height=\"500\" src=\"https:\/\/donner.ca\/wp-content\/uploads\/impact-story-3-lewa-zebras-800x500.jpg\" class=\"attachment-medium size-medium wp-post-image\" alt=\"Two zebras in a grassy field looking at the camera. One zebra is resting its head on the other&#039;s back.\" srcset=\"https:\/\/donner.ca\/wp-content\/uploads\/impact-story-3-lewa-zebras-800x500.jpg 800w, https:\/\/donner.ca\/wp-content\/uploads\/impact-story-3-lewa-zebras-768x480.jpg 768w, https:\/\/donner.ca\/wp-content\/uploads\/impact-story-3-lewa-zebras-1536x960.jpg 1536w, https:\/\/donner.ca\/wp-content\/uploads\/impact-story-3-lewa-zebras.jpg 1600w\" sizes=\"(max-width: 800px) 100vw, 800px\" \/>                <\/div>\n            <\/div>\n                        <div class=\"postBottom\">\n                <div class=\"postTitle\">\n                    <a href=\"https:\/\/donner.ca\/fr\/story\/lewa-wildlife-conservancy-changer-le-recit-de-la-conservation-en-afrique\/\" class=\"titleLink\"><h2 class=\"h4\">Lewa Wildlife Conservancy : Changer le r\u00e9cit de la conservation en Afrique<\/h2><\/a>\n                <\/div>\n                <div class=\"infoBox\">\n                    <p class=\"infoPost\">1 f\u00e9vrier 2023<\/p>\n                    <a class=\"arrowlink red\" href=\"https:\/\/donner.ca\/fr\/story\/lewa-wildlife-conservancy-changer-le-recit-de-la-conservation-en-afrique\/\" aria-label=\"Read the story about Lewa Wildlife Conservancy : Changer le r\u00e9cit de la conservation en Afrique\">Lire l'histoire<\/a>\n                <\/div>\n            <\/div>\n        <\/div>\n    <\/div>\n        <div class=\"post\">\n        <div class=\"postBox\">\n                        <div class=\"postTop\">\n                <div class=\"imgBox\">\n                    <img decoding=\"async\" width=\"800\" height=\"500\" src=\"https:\/\/donner.ca\/wp-content\/uploads\/impact-story-5-hero-800x500.jpg\" class=\"attachment-medium size-medium wp-post-image\" alt=\"Two small wooden houses made of small blocks of wood on a white backdrop wrapped in a small woollen scarf.\" srcset=\"https:\/\/donner.ca\/wp-content\/uploads\/impact-story-5-hero-800x500.jpg 800w, https:\/\/donner.ca\/wp-content\/uploads\/impact-story-5-hero-768x480.jpg 768w, https:\/\/donner.ca\/wp-content\/uploads\/impact-story-5-hero-1536x960.jpg 1536w, https:\/\/donner.ca\/wp-content\/uploads\/impact-story-5-hero.jpg 1600w\" sizes=\"(max-width: 800px) 100vw, 800px\" \/>                <\/div>\n            <\/div>\n                        <div class=\"postBottom\">\n                <div class=\"postTitle\">\n                    <a href=\"https:\/\/donner.ca\/fr\/story\/efficacite-energetique-canada-lefficacite-energetique-pour-toutes-et-tous\/\" class=\"titleLink\"><h2 class=\"h4\">Efficacit\u00e9 \u00e9nerg\u00e9tique Canada&nbsp;: l\u2019efficacit\u00e9 \u00e9nerg\u00e9tique pour toutes et tous<\/h2><\/a>\n                <\/div>\n                <div class=\"infoBox\">\n                    <p class=\"infoPost\">1 f\u00e9vrier 2023<\/p>\n                    <a class=\"arrowlink red\" href=\"https:\/\/donner.ca\/fr\/story\/efficacite-energetique-canada-lefficacite-energetique-pour-toutes-et-tous\/\" aria-label=\"Read the story about Efficacit\u00e9 \u00e9nerg\u00e9tique Canada&nbsp;: l\u2019efficacit\u00e9 \u00e9nerg\u00e9tique pour toutes et tous\">Lire l'histoire<\/a>\n                <\/div>\n            <\/div>\n        <\/div>\n    <\/div>\n    <\/div>\n\n","protected":false},"excerpt":{"rendered":"<p>Impact Stories Since 1950, the Donner Canadian Foundation has been advancing causes through granting partnerships with dynamic Canadian organizations. Read more below.<\/p>\n","protected":false},"author":2,"featured_media":1024,"parent":0,"menu_order":0,"comment_status":"closed","ping_status":"closed","template":"","meta":{"_acf_changed":false,"inline_featured_image":false,"footnotes":""},"class_list":["post-1364","page","type-page","status-publish","has-post-thumbnail","hentry"],"acf":[],"yoast_head":"<!-- This site is optimized with the Yoast SEO plugin v27.5 - https:\/\/yoast.com\/product\/yoast-seo-wordpress\/ -->\n<title>Histoires percutantes - Donner Canadian Foundation<\/title>\n<meta name=\"description\" content=\"Stories of how the Donner Canadian Foundation has been advancing causes through granting partnerships with dynamic Canadian organizations.\" \/>\n<meta name=\"robots\" content=\"index, follow, max-snippet:-1, max-image-preview:large, max-video-preview:-1\" \/>\n<link rel=\"canonical\" href=\"https:\/\/donner.ca\/fr\/histoires-percutantes\/\" \/>\n<meta property=\"og:locale\" content=\"fr_FR\" \/>\n<meta property=\"og:type\" content=\"article\" \/>\n<meta property=\"og:title\" content=\"Histoires percutantes - Donner Canadian Foundation\" \/>\n<meta property=\"og:description\" content=\"Stories of how the Donner Canadian Foundation has been advancing causes through granting partnerships with dynamic Canadian organizations.\" \/>\n<meta property=\"og:url\" content=\"https:\/\/donner.ca\/fr\/histoires-percutantes\/\" \/>\n<meta property=\"og:site_name\" content=\"Donner Canadian Foundation\" \/>\n<meta property=\"article:modified_time\" content=\"2023-03-23T17:19:26+00:00\" \/>\n<meta property=\"og:image\" content=\"https:\/\/donner.ca\/wp-content\/uploads\/placeholder-red.jpg\" \/>\n\t<meta property=\"og:image:width\" content=\"280\" \/>\n\t<meta property=\"og:image:height\" content=\"280\" \/>\n\t<meta property=\"og:image:type\" content=\"image\/jpeg\" \/>\n<meta name=\"twitter:card\" content=\"summary_large_image\" \/>\n<script type=\"application\/ld+json\" class=\"yoast-schema-graph\">{\"@context\":\"https:\\\/\\\/schema.org\",\"@graph\":[{\"@type\":\"WebPage\",\"@id\":\"https:\\\/\\\/donner.ca\\\/fr\\\/histoires-percutantes\\\/\",\"url\":\"https:\\\/\\\/donner.ca\\\/fr\\\/histoires-percutantes\\\/\",\"name\":\"Histoires percutantes - Donner Canadian Foundation\",\"isPartOf\":{\"@id\":\"https:\\\/\\\/donner.ca\\\/fr\\\/#website\"},\"primaryImageOfPage\":{\"@id\":\"https:\\\/\\\/donner.ca\\\/fr\\\/histoires-percutantes\\\/#primaryimage\"},\"image\":{\"@id\":\"https:\\\/\\\/donner.ca\\\/fr\\\/histoires-percutantes\\\/#primaryimage\"},\"thumbnailUrl\":\"https:\\\/\\\/donner.ca\\\/wp-content\\\/uploads\\\/placeholder-red.jpg\",\"datePublished\":\"2022-12-13T13:20:16+00:00\",\"dateModified\":\"2023-03-23T17:19:26+00:00\",\"description\":\"Stories of how the Donner Canadian Foundation has been advancing causes through granting partnerships with dynamic Canadian organizations.\",\"breadcrumb\":{\"@id\":\"https:\\\/\\\/donner.ca\\\/fr\\\/histoires-percutantes\\\/#breadcrumb\"},\"inLanguage\":\"fr-FR\",\"potentialAction\":[{\"@type\":\"ReadAction\",\"target\":[\"https:\\\/\\\/donner.ca\\\/fr\\\/histoires-percutantes\\\/\"]}]},{\"@type\":\"ImageObject\",\"inLanguage\":\"fr-FR\",\"@id\":\"https:\\\/\\\/donner.ca\\\/fr\\\/histoires-percutantes\\\/#primaryimage\",\"url\":\"https:\\\/\\\/donner.ca\\\/wp-content\\\/uploads\\\/placeholder-red.jpg\",\"contentUrl\":\"https:\\\/\\\/donner.ca\\\/wp-content\\\/uploads\\\/placeholder-red.jpg\",\"width\":280,\"height\":280},{\"@type\":\"BreadcrumbList\",\"@id\":\"https:\\\/\\\/donner.ca\\\/fr\\\/histoires-percutantes\\\/#breadcrumb\",\"itemListElement\":[{\"@type\":\"ListItem\",\"position\":1,\"name\":\"Home\",\"item\":\"https:\\\/\\\/donner.ca\\\/fr\\\/\"},{\"@type\":\"ListItem\",\"position\":2,\"name\":\"Histoires percutantes\"}]},{\"@type\":\"WebSite\",\"@id\":\"https:\\\/\\\/donner.ca\\\/fr\\\/#website\",\"url\":\"https:\\\/\\\/donner.ca\\\/fr\\\/\",\"name\":\"Donner Canadian Foundation\",\"description\":\"Philanthropy Rooted in Five Generations\",\"potentialAction\":[{\"@type\":\"SearchAction\",\"target\":{\"@type\":\"EntryPoint\",\"urlTemplate\":\"https:\\\/\\\/donner.ca\\\/fr\\\/?s={search_term_string}\"},\"query-input\":{\"@type\":\"PropertyValueSpecification\",\"valueRequired\":true,\"valueName\":\"search_term_string\"}}],\"inLanguage\":\"fr-FR\"}]}<\/script>\n<!-- \/ Yoast SEO plugin. -->","yoast_head_json":{"title":"Histoires percutantes - Donner Canadian Foundation","description":"Stories of how the Donner Canadian Foundation has been advancing causes through granting partnerships with dynamic Canadian organizations.","robots":{"index":"index","follow":"follow","max-snippet":"max-snippet:-1","max-image-preview":"max-image-preview:large","max-video-preview":"max-video-preview:-1"},"canonical":"https:\/\/donner.ca\/fr\/histoires-percutantes\/","og_locale":"fr_FR","og_type":"article","og_title":"Histoires percutantes - Donner Canadian Foundation","og_description":"Stories of how the Donner Canadian Foundation has been advancing causes through granting partnerships with dynamic Canadian organizations.","og_url":"https:\/\/donner.ca\/fr\/histoires-percutantes\/","og_site_name":"Donner Canadian Foundation","article_modified_time":"2023-03-23T17:19:26+00:00","og_image":[{"width":280,"height":280,"url":"https:\/\/donner.ca\/wp-content\/uploads\/placeholder-red.jpg","type":"image\/jpeg"}],"twitter_card":"summary_large_image","schema":{"@context":"https:\/\/schema.org","@graph":[{"@type":"WebPage","@id":"https:\/\/donner.ca\/fr\/histoires-percutantes\/","url":"https:\/\/donner.ca\/fr\/histoires-percutantes\/","name":"Histoires percutantes - Donner Canadian Foundation","isPartOf":{"@id":"https:\/\/donner.ca\/fr\/#website"},"primaryImageOfPage":{"@id":"https:\/\/donner.ca\/fr\/histoires-percutantes\/#primaryimage"},"image":{"@id":"https:\/\/donner.ca\/fr\/histoires-percutantes\/#primaryimage"},"thumbnailUrl":"https:\/\/donner.ca\/wp-content\/uploads\/placeholder-red.jpg","datePublished":"2022-12-13T13:20:16+00:00","dateModified":"2023-03-23T17:19:26+00:00","description":"Stories of how the Donner Canadian Foundation has been advancing causes through granting partnerships with dynamic Canadian organizations.","breadcrumb":{"@id":"https:\/\/donner.ca\/fr\/histoires-percutantes\/#breadcrumb"},"inLanguage":"fr-FR","potentialAction":[{"@type":"ReadAction","target":["https:\/\/donner.ca\/fr\/histoires-percutantes\/"]}]},{"@type":"ImageObject","inLanguage":"fr-FR","@id":"https:\/\/donner.ca\/fr\/histoires-percutantes\/#primaryimage","url":"https:\/\/donner.ca\/wp-content\/uploads\/placeholder-red.jpg","contentUrl":"https:\/\/donner.ca\/wp-content\/uploads\/placeholder-red.jpg","width":280,"height":280},{"@type":"BreadcrumbList","@id":"https:\/\/donner.ca\/fr\/histoires-percutantes\/#breadcrumb","itemListElement":[{"@type":"ListItem","position":1,"name":"Home","item":"https:\/\/donner.ca\/fr\/"},{"@type":"ListItem","position":2,"name":"Histoires percutantes"}]},{"@type":"WebSite","@id":"https:\/\/donner.ca\/fr\/#website","url":"https:\/\/donner.ca\/fr\/","name":"Donner Canadian Foundation","description":"Philanthropy Rooted in Five Generations","potentialAction":[{"@type":"SearchAction","target":{"@type":"EntryPoint","urlTemplate":"https:\/\/donner.ca\/fr\/?s={search_term_string}"},"query-input":{"@type":"PropertyValueSpecification","valueRequired":true,"valueName":"search_term_string"}}],"inLanguage":"fr-FR"}]}},"_links":{"self":[{"href":"https:\/\/donner.ca\/fr\/wp-json\/wp\/v2\/pages\/1364","targetHints":{"allow":["GET"]}}],"collection":[{"href":"https:\/\/donner.ca\/fr\/wp-json\/wp\/v2\/pages"}],"about":[{"href":"https:\/\/donner.ca\/fr\/wp-json\/wp\/v2\/types\/page"}],"author":[{"embeddable":true,"href":"https:\/\/donner.ca\/fr\/wp-json\/wp\/v2\/users\/2"}],"replies":[{"embeddable":true,"href":"https:\/\/donner.ca\/fr\/wp-json\/wp\/v2\/comments?post=1364"}],"version-history":[{"count":0,"href":"https:\/\/donner.ca\/fr\/wp-json\/wp\/v2\/pages\/1364\/revisions"}],"wp:featuredmedia":[{"embeddable":true,"href":"https:\/\/donner.ca\/fr\/wp-json\/wp\/v2\/media\/1024"}],"wp:attachment":[{"href":"https:\/\/donner.ca\/fr\/wp-json\/wp\/v2\/media?parent=1364"}],"curies":[{"name":"wp","href":"https:\/\/api.w.org\/{rel}","templated":true}]}}