{"id":1365,"date":"2022-12-13T13:17:38","date_gmt":"2022-12-13T13:17:38","guid":{"rendered":"https:\/\/donnercanada.wpengine.com\/nouvelles\/"},"modified":"2023-04-14T14:21:47","modified_gmt":"2023-04-14T14:21:47","slug":"nouvelles","status":"publish","type":"page","link":"https:\/\/donner.ca\/fr\/nouvelles\/","title":{"rendered":"Nouvelles"},"content":{"rendered":"\n<h1>\n\t\tNouvelles\n\t<\/h1>\n\t<p>D\u00e9couvrez ci-dessous les derni\u00e8res informations concernant la Fondation canadienne Donner.<\/p>\n    <a aria-label=\"Naviguer au contenu principal\" href=\"#main-content\">\n        <img decoding=\"async\" src=\"\/wp-content\/uploads\/Arrow-Down-Red.svg\" alt=\"\" \/>\n    <\/a>\n\t\n    <div class=\"post-wedget no-thumbnail\">\n        <div class=\"post\">\n        <div class=\"postBox\">\n                        <div class=\"postBottom\">\n                <div class=\"postTitle\">\n                    <a href=\"https:\/\/donner.ca\/fr\/news\/prix-donner-2024\/\" class=\"titleLink\"><h2 class=\"h4\"><i>Seized By Uncertainty<\/i> re\u00e7oit le Prix Donner 2024<\/h2><\/a>\n                <\/div>\n                <div class=\"infoBox\">\n                    <p class=\"infoPost\">22 mai 2025<\/p>\n                    <a class=\"arrowlink red\" href=\"https:\/\/donner.ca\/fr\/news\/prix-donner-2024\/\" aria-label=\"Read the story about <i>Seized By Uncertainty<\/i> re\u00e7oit le Prix Donner 2024\">Lire l'histoire<\/a>\n                <\/div>\n            <\/div>\n        <\/div>\n    <\/div>\n        <div class=\"post\">\n        <div class=\"postBox\">\n                        <div class=\"postBottom\">\n                <div class=\"postTitle\">\n                    <a href=\"https:\/\/donner.ca\/fr\/news\/annonce-de-la-liste-des-finalistes-du-prix-donner-2024\/\" class=\"titleLink\"><h2 class=\"h4\">Annonce de la liste des finalistes du Prix Donner 2024<\/h2><\/a>\n                <\/div>\n                <div class=\"infoBox\">\n                    <p class=\"infoPost\">22 avril 2025<\/p>\n                    <a class=\"arrowlink red\" href=\"https:\/\/donner.ca\/fr\/news\/annonce-de-la-liste-des-finalistes-du-prix-donner-2024\/\" aria-label=\"Read the story about Annonce de la liste des finalistes du Prix Donner 2024\">Lire l'histoire<\/a>\n                <\/div>\n            <\/div>\n        <\/div>\n    <\/div>\n        <div class=\"post\">\n        <div class=\"postBox\">\n                        <div class=\"postBottom\">\n                <div class=\"postTitle\">\n                    <a href=\"https:\/\/donner.ca\/fr\/news\/le-prix-donner-2023-donner-prize-decerne-a-michael-byers-et-aaron-boley-pour-who-owns-outer-space\/\" class=\"titleLink\"><h2 class=\"h4\">Le Prix Donner 2023 Donner Prize d\u00e9cern\u00e9 \u00e0 Michael Byers et Aaron Boley pour <i>Who owns outer space?<\/i><\/h2><\/a>\n                <\/div>\n                <div class=\"infoBox\">\n                    <p class=\"infoPost\">13 mai 2024<\/p>\n                    <a class=\"arrowlink red\" href=\"https:\/\/donner.ca\/fr\/news\/le-prix-donner-2023-donner-prize-decerne-a-michael-byers-et-aaron-boley-pour-who-owns-outer-space\/\" aria-label=\"Read the story about Le Prix Donner 2023 Donner Prize d\u00e9cern\u00e9 \u00e0 Michael Byers et Aaron Boley pour <i>Who owns outer space?<\/i>\">Lire l'histoire<\/a>\n                <\/div>\n            <\/div>\n        <\/div>\n    <\/div>\n        <div class=\"post\">\n        <div class=\"postBox\">\n                        <div class=\"postBottom\">\n                <div class=\"postTitle\">\n                    <a href=\"https:\/\/donner.ca\/fr\/news\/annonce-de-la-liste-des-finalistes-du-prix-donner-2023\/\" class=\"titleLink\"><h2 class=\"h4\">Annonce de la liste des finalistes du Prix Donner 2023<\/h2><\/a>\n                <\/div>\n                <div class=\"infoBox\">\n                    <p class=\"infoPost\">11 avril 2024<\/p>\n                    <a class=\"arrowlink red\" href=\"https:\/\/donner.ca\/fr\/news\/annonce-de-la-liste-des-finalistes-du-prix-donner-2023\/\" aria-label=\"Read the story about Annonce de la liste des finalistes du Prix Donner 2023\">Lire l'histoire<\/a>\n                <\/div>\n            <\/div>\n        <\/div>\n    <\/div>\n        <div class=\"post\">\n        <div class=\"postBox\">\n                        <div class=\"postBottom\">\n                <div class=\"postTitle\">\n                    <a href=\"https:\/\/donner.ca\/fr\/news\/le-prix-donner-du-25e-anniversaire-decerne-a-ryan-manucha-pour-booze-cigarettes-and-constitutional-dust-ups\/\" class=\"titleLink\"><h2 class=\"h4\">Le prix Donner du 25e anniversaire d\u00e9cern\u00e9 \u00e0 Ryan Manucha pour <i>Booze, Cigarettes, and Constitutional Dust-Ups<\/i><\/h2><\/a>\n                <\/div>\n                <div class=\"infoBox\">\n                    <p class=\"infoPost\">19 mai 2023<\/p>\n                    <a class=\"arrowlink red\" href=\"https:\/\/donner.ca\/fr\/news\/le-prix-donner-du-25e-anniversaire-decerne-a-ryan-manucha-pour-booze-cigarettes-and-constitutional-dust-ups\/\" aria-label=\"Read the story about Le prix Donner du 25e anniversaire d\u00e9cern\u00e9 \u00e0 Ryan Manucha pour <i>Booze, Cigarettes, and Constitutional Dust-Ups<\/i>\">Lire l'histoire<\/a>\n                <\/div>\n            <\/div>\n        <\/div>\n    <\/div>\n        <div class=\"post\">\n        <div class=\"postBox\">\n                        <div class=\"postBottom\">\n                <div class=\"postTitle\">\n                    <a href=\"https:\/\/donner.ca\/fr\/news\/annonce-des-finalistes-du-prix-donner-2022\/\" class=\"titleLink\"><h2 class=\"h4\">Annonce des finalistes du Prix Donner 2022<\/h2><\/a>\n                <\/div>\n                <div class=\"infoBox\">\n                    <p class=\"infoPost\">11 avril 2023<\/p>\n                    <a class=\"arrowlink red\" href=\"https:\/\/donner.ca\/fr\/news\/annonce-des-finalistes-du-prix-donner-2022\/\" aria-label=\"Read the story about Annonce des finalistes du Prix Donner 2022\">Lire l'histoire<\/a>\n                <\/div>\n            <\/div>\n        <\/div>\n    <\/div>\n        <div class=\"post\">\n        <div class=\"postBox\">\n                        <div class=\"postBottom\">\n                <div class=\"postTitle\">\n                    <a href=\"https:\/\/donner.ca\/fr\/news\/la-gouverneure-du-dcf-marie-delorme-presentee-dans-le-rapport-sur-les-affaires-du-globe-and-mail\/\" class=\"titleLink\"><h2 class=\"h4\">La gouverneure du DCF, Marie Delorme, pr\u00e9sent\u00e9e dans le <i>Rapport sur les affaires<\/i> du <i>The Globe and Mail<\/i><\/h2><\/a>\n                <\/div>\n                <div class=\"infoBox\">\n                    <p class=\"infoPost\">26 d\u00e9cembre 2022<\/p>\n                    <a class=\"arrowlink red\" href=\"https:\/\/donner.ca\/fr\/news\/la-gouverneure-du-dcf-marie-delorme-presentee-dans-le-rapport-sur-les-affaires-du-globe-and-mail\/\" aria-label=\"Read the story about La gouverneure du DCF, Marie Delorme, pr\u00e9sent\u00e9e dans le <i>Rapport sur les affaires<\/i> du <i>The Globe and Mail<\/i>\">Lire l'histoire<\/a>\n                <\/div>\n            <\/div>\n        <\/div>\n    <\/div>\n        <div class=\"post\">\n        <div class=\"postBox\">\n                        <div class=\"postBottom\">\n                <div class=\"postTitle\">\n                    <a href=\"https:\/\/donner.ca\/fr\/news\/annonce-du-jury-du-25e-prix-donner\/\" class=\"titleLink\"><h2 class=\"h4\">Annonce du jury du 25e Prix Donner<\/h2><\/a>\n                <\/div>\n                <div class=\"infoBox\">\n                    <p class=\"infoPost\">14 novembre 2022<\/p>\n                    <a class=\"arrowlink red\" href=\"https:\/\/donner.ca\/fr\/news\/annonce-du-jury-du-25e-prix-donner\/\" aria-label=\"Read the story about Annonce du jury du 25e Prix Donner\">Lire l'histoire<\/a>\n                <\/div>\n            <\/div>\n        <\/div>\n    <\/div>\n        <div class=\"post\">\n        <div class=\"postBox\">\n                        <div class=\"postBottom\">\n                <div class=\"postTitle\">\n                    <a href=\"https:\/\/donner.ca\/fr\/news\/le-25e-prix-annuel-donner-maintenant-de-60-000\/\" class=\"titleLink\"><h2 class=\"h4\">Le 25e Prix annuel Donner, maintenant de 60&nbsp;000 $<\/h2><\/a>\n                <\/div>\n                <div class=\"infoBox\">\n                    <p class=\"infoPost\">6 octobre 2022<\/p>\n                    <a class=\"arrowlink red\" href=\"https:\/\/donner.ca\/fr\/news\/le-25e-prix-annuel-donner-maintenant-de-60-000\/\" aria-label=\"Read the story about Le 25e Prix annuel Donner, maintenant de 60&nbsp;000 $\">Lire l'histoire<\/a>\n                <\/div>\n            <\/div>\n        <\/div>\n    <\/div>\n        <div class=\"post\">\n        <div class=\"postBox\">\n                        <div class=\"postBottom\">\n                <div class=\"postTitle\">\n                    <a href=\"https:\/\/donner.ca\/fr\/news\/annonce-de-la-personne-laureate-du-prix-donner-2021\/\" class=\"titleLink\"><h2 class=\"h4\">Annonce de la personne laur\u00e9ate du Prix Donner 2021<\/h2><\/a>\n                <\/div>\n                <div class=\"infoBox\">\n                    <p class=\"infoPost\">31 mai 2022<\/p>\n                    <a class=\"arrowlink red\" href=\"https:\/\/donner.ca\/fr\/news\/annonce-de-la-personne-laureate-du-prix-donner-2021\/\" aria-label=\"Read the story about Annonce de la personne laur\u00e9ate du Prix Donner 2021\">Lire l'histoire<\/a>\n                <\/div>\n            <\/div>\n        <\/div>\n    <\/div>\n        <div class=\"post\">\n        <div class=\"postBox\">\n                        <div class=\"postBottom\">\n                <div class=\"postTitle\">\n                    <a href=\"https:\/\/donner.ca\/fr\/news\/en-souvenir-du-president-emerite-allan-gotlieb\/\" class=\"titleLink\"><h2 class=\"h4\">En souvenir du pr\u00e9sident \u00e9m\u00e9rite Allan Gotlieb<\/h2><\/a>\n                <\/div>\n                <div class=\"infoBox\">\n                    <p class=\"infoPost\">22 avril 2020<\/p>\n                    <a class=\"arrowlink red\" href=\"https:\/\/donner.ca\/fr\/news\/en-souvenir-du-president-emerite-allan-gotlieb\/\" aria-label=\"Read the story about En souvenir du pr\u00e9sident \u00e9m\u00e9rite Allan Gotlieb\">Lire l'histoire<\/a>\n                <\/div>\n            <\/div>\n        <\/div>\n    <\/div>\n    <\/div>\n\n","protected":false},"excerpt":{"rendered":"<p>Nouvelles D\u00e9couvrez ci-dessous les derni\u00e8res informations concernant la Fondation canadienne Donner.<\/p>\n","protected":false},"author":2,"featured_media":1024,"parent":0,"menu_order":0,"comment_status":"closed","ping_status":"closed","template":"","meta":{"_acf_changed":false,"inline_featured_image":false,"footnotes":""},"class_list":["post-1365","page","type-page","status-publish","has-post-thumbnail","hentry"],"acf":[],"yoast_head":"<!-- This site is optimized with the Yoast SEO plugin v27.3 - https:\/\/yoast.com\/product\/yoast-seo-wordpress\/ -->\n<title>Nouvelles - Donner Canadian Foundation<\/title>\n<meta name=\"description\" content=\"Les derni\u00e8res nouvelles au sujet de la Fondation canadienne Donner\" \/>\n<meta name=\"robots\" content=\"index, follow, max-snippet:-1, max-image-preview:large, max-video-preview:-1\" \/>\n<link rel=\"canonical\" href=\"https:\/\/donner.ca\/fr\/nouvelles\/\" \/>\n<meta property=\"og:locale\" content=\"fr_FR\" \/>\n<meta property=\"og:type\" content=\"article\" \/>\n<meta property=\"og:title\" content=\"Nouvelles - Donner Canadian Foundation\" \/>\n<meta property=\"og:description\" content=\"Les derni\u00e8res nouvelles au sujet de la Fondation canadienne Donner\" \/>\n<meta property=\"og:url\" content=\"https:\/\/donner.ca\/fr\/nouvelles\/\" \/>\n<meta property=\"og:site_name\" content=\"Donner Canadian Foundation\" \/>\n<meta property=\"article:modified_time\" content=\"2023-04-14T14:21:47+00:00\" \/>\n<meta property=\"og:image\" content=\"https:\/\/donner.ca\/wp-content\/uploads\/placeholder-red.jpg\" \/>\n\t<meta property=\"og:image:width\" content=\"280\" \/>\n\t<meta property=\"og:image:height\" content=\"280\" \/>\n\t<meta property=\"og:image:type\" content=\"image\/jpeg\" \/>\n<meta name=\"twitter:card\" content=\"summary_large_image\" \/>\n<script type=\"application\/ld+json\" class=\"yoast-schema-graph\">{\"@context\":\"https:\\\/\\\/schema.org\",\"@graph\":[{\"@type\":\"WebPage\",\"@id\":\"https:\\\/\\\/donner.ca\\\/fr\\\/nouvelles\\\/\",\"url\":\"https:\\\/\\\/donner.ca\\\/fr\\\/nouvelles\\\/\",\"name\":\"Nouvelles - Donner Canadian Foundation\",\"isPartOf\":{\"@id\":\"https:\\\/\\\/donner.ca\\\/fr\\\/#website\"},\"primaryImageOfPage\":{\"@id\":\"https:\\\/\\\/donner.ca\\\/fr\\\/nouvelles\\\/#primaryimage\"},\"image\":{\"@id\":\"https:\\\/\\\/donner.ca\\\/fr\\\/nouvelles\\\/#primaryimage\"},\"thumbnailUrl\":\"https:\\\/\\\/donner.ca\\\/wp-content\\\/uploads\\\/placeholder-red.jpg\",\"datePublished\":\"2022-12-13T13:17:38+00:00\",\"dateModified\":\"2023-04-14T14:21:47+00:00\",\"description\":\"Les derni\u00e8res nouvelles au sujet de la Fondation canadienne Donner\",\"breadcrumb\":{\"@id\":\"https:\\\/\\\/donner.ca\\\/fr\\\/nouvelles\\\/#breadcrumb\"},\"inLanguage\":\"fr-FR\",\"potentialAction\":[{\"@type\":\"ReadAction\",\"target\":[\"https:\\\/\\\/donner.ca\\\/fr\\\/nouvelles\\\/\"]}]},{\"@type\":\"ImageObject\",\"inLanguage\":\"fr-FR\",\"@id\":\"https:\\\/\\\/donner.ca\\\/fr\\\/nouvelles\\\/#primaryimage\",\"url\":\"https:\\\/\\\/donner.ca\\\/wp-content\\\/uploads\\\/placeholder-red.jpg\",\"contentUrl\":\"https:\\\/\\\/donner.ca\\\/wp-content\\\/uploads\\\/placeholder-red.jpg\",\"width\":280,\"height\":280},{\"@type\":\"BreadcrumbList\",\"@id\":\"https:\\\/\\\/donner.ca\\\/fr\\\/nouvelles\\\/#breadcrumb\",\"itemListElement\":[{\"@type\":\"ListItem\",\"position\":1,\"name\":\"Home\",\"item\":\"https:\\\/\\\/donner.ca\\\/fr\\\/\"},{\"@type\":\"ListItem\",\"position\":2,\"name\":\"Nouvelles\"}]},{\"@type\":\"WebSite\",\"@id\":\"https:\\\/\\\/donner.ca\\\/fr\\\/#website\",\"url\":\"https:\\\/\\\/donner.ca\\\/fr\\\/\",\"name\":\"Donner Canadian Foundation\",\"description\":\"Philanthropy Rooted in Five Generations\",\"potentialAction\":[{\"@type\":\"SearchAction\",\"target\":{\"@type\":\"EntryPoint\",\"urlTemplate\":\"https:\\\/\\\/donner.ca\\\/fr\\\/?s={search_term_string}\"},\"query-input\":{\"@type\":\"PropertyValueSpecification\",\"valueRequired\":true,\"valueName\":\"search_term_string\"}}],\"inLanguage\":\"fr-FR\"}]}<\/script>\n<!-- \/ Yoast SEO plugin. -->","yoast_head_json":{"title":"Nouvelles - Donner Canadian Foundation","description":"Les derni\u00e8res nouvelles au sujet de la Fondation canadienne Donner","robots":{"index":"index","follow":"follow","max-snippet":"max-snippet:-1","max-image-preview":"max-image-preview:large","max-video-preview":"max-video-preview:-1"},"canonical":"https:\/\/donner.ca\/fr\/nouvelles\/","og_locale":"fr_FR","og_type":"article","og_title":"Nouvelles - Donner Canadian Foundation","og_description":"Les derni\u00e8res nouvelles au sujet de la Fondation canadienne Donner","og_url":"https:\/\/donner.ca\/fr\/nouvelles\/","og_site_name":"Donner Canadian Foundation","article_modified_time":"2023-04-14T14:21:47+00:00","og_image":[{"width":280,"height":280,"url":"https:\/\/donner.ca\/wp-content\/uploads\/placeholder-red.jpg","type":"image\/jpeg"}],"twitter_card":"summary_large_image","schema":{"@context":"https:\/\/schema.org","@graph":[{"@type":"WebPage","@id":"https:\/\/donner.ca\/fr\/nouvelles\/","url":"https:\/\/donner.ca\/fr\/nouvelles\/","name":"Nouvelles - Donner Canadian Foundation","isPartOf":{"@id":"https:\/\/donner.ca\/fr\/#website"},"primaryImageOfPage":{"@id":"https:\/\/donner.ca\/fr\/nouvelles\/#primaryimage"},"image":{"@id":"https:\/\/donner.ca\/fr\/nouvelles\/#primaryimage"},"thumbnailUrl":"https:\/\/donner.ca\/wp-content\/uploads\/placeholder-red.jpg","datePublished":"2022-12-13T13:17:38+00:00","dateModified":"2023-04-14T14:21:47+00:00","description":"Les derni\u00e8res nouvelles au sujet de la Fondation canadienne Donner","breadcrumb":{"@id":"https:\/\/donner.ca\/fr\/nouvelles\/#breadcrumb"},"inLanguage":"fr-FR","potentialAction":[{"@type":"ReadAction","target":["https:\/\/donner.ca\/fr\/nouvelles\/"]}]},{"@type":"ImageObject","inLanguage":"fr-FR","@id":"https:\/\/donner.ca\/fr\/nouvelles\/#primaryimage","url":"https:\/\/donner.ca\/wp-content\/uploads\/placeholder-red.jpg","contentUrl":"https:\/\/donner.ca\/wp-content\/uploads\/placeholder-red.jpg","width":280,"height":280},{"@type":"BreadcrumbList","@id":"https:\/\/donner.ca\/fr\/nouvelles\/#breadcrumb","itemListElement":[{"@type":"ListItem","position":1,"name":"Home","item":"https:\/\/donner.ca\/fr\/"},{"@type":"ListItem","position":2,"name":"Nouvelles"}]},{"@type":"WebSite","@id":"https:\/\/donner.ca\/fr\/#website","url":"https:\/\/donner.ca\/fr\/","name":"Donner Canadian Foundation","description":"Philanthropy Rooted in Five Generations","potentialAction":[{"@type":"SearchAction","target":{"@type":"EntryPoint","urlTemplate":"https:\/\/donner.ca\/fr\/?s={search_term_string}"},"query-input":{"@type":"PropertyValueSpecification","valueRequired":true,"valueName":"search_term_string"}}],"inLanguage":"fr-FR"}]}},"_links":{"self":[{"href":"https:\/\/donner.ca\/fr\/wp-json\/wp\/v2\/pages\/1365","targetHints":{"allow":["GET"]}}],"collection":[{"href":"https:\/\/donner.ca\/fr\/wp-json\/wp\/v2\/pages"}],"about":[{"href":"https:\/\/donner.ca\/fr\/wp-json\/wp\/v2\/types\/page"}],"author":[{"embeddable":true,"href":"https:\/\/donner.ca\/fr\/wp-json\/wp\/v2\/users\/2"}],"replies":[{"embeddable":true,"href":"https:\/\/donner.ca\/fr\/wp-json\/wp\/v2\/comments?post=1365"}],"version-history":[{"count":0,"href":"https:\/\/donner.ca\/fr\/wp-json\/wp\/v2\/pages\/1365\/revisions"}],"wp:featuredmedia":[{"embeddable":true,"href":"https:\/\/donner.ca\/fr\/wp-json\/wp\/v2\/media\/1024"}],"wp:attachment":[{"href":"https:\/\/donner.ca\/fr\/wp-json\/wp\/v2\/media?parent=1365"}],"curies":[{"name":"wp","href":"https:\/\/api.w.org\/{rel}","templated":true}]}}