{"id":1366,"date":"2022-11-22T13:37:26","date_gmt":"2022-11-22T13:37:26","guid":{"rendered":"https:\/\/donnercanada.wpengine.com\/nous-contacter\/"},"modified":"2026-01-21T19:52:10","modified_gmt":"2026-01-21T19:52:10","slug":"nous-contacter","status":"publish","type":"page","link":"https:\/\/donner.ca\/fr\/nous-contacter\/","title":{"rendered":"Nous contacter"},"content":{"rendered":"\n<h1>\n\t\t\tNous contacter\t<\/h1>\n\t<p>Trouvez ici les r\u00e9ponses aux questions fr\u00e9quemment pos\u00e9es ou contactez-nous pour plus d&rsquo;informations.<\/p>\n    <a aria-label=\"Naviguer au contenu principal\" href=\"#main-content\">\n        <img decoding=\"async\" src=\"\/wp-content\/uploads\/Arrow-Down-Red.svg\" alt=\"\" \/>\n    <\/a>\n<h2>\n\t\t\tFoire aux questions\t<\/h2>\n\t<p>Avant de nous contacter, nous vous invitons \u00e0 voir si vous trouvez la r\u00e9ponse \u00e0 votre question.<\/p>\n\t\t\t\t\t\t\t\t\t\t<h3>Comment puis-je faire une demande de subvention aupr\u00e8s de la fondation ?<\/h3>\n\t\t<p>Les subventions de la fondation se font sur invitation uniquement. Chaque ann\u00e9e, le personnel, les membres et l&rsquo;\u00e9quipe-conseil impliquent les partenaires actuels, ainsi que le secteur caritatif au sens large, pour identifier les opportunit\u00e9s d&rsquo;apporter des changements positifs. Le personnel ne r\u00e9pond pas r\u00e9guli\u00e8rement aux lettres d&rsquo;enqu\u00eate ou aux demandes de financement non sollicit\u00e9es.<\/p>\n\t\t\t\t\t\t\t\t\t\t<h3>Comment puis-je contacter le personnel de la fondation ?<\/h3>\n\t\t<p>Veuillez nous envoyer votre message depuis le formulaire ci-dessous. Celui-ci sera transmis \u00e0 la personne appropri\u00e9e.<\/p>\n\t\t\t\t\t\t\t\t\t\t<h3>Comment postuler \u00e0 un emploi pour travailler pour la fondation ?<\/h3>\n\t\t<p>La fondation a une petite \u00e9quipe et ne recrute pas r\u00e9guli\u00e8rement, mais lorsqu&rsquo;un emploi est \u00e0 pourvoir, nous diffusons l&rsquo;offre par le biais de nos r\u00e9seaux et sites Web connexes.<\/p>\n<h2>\n\t\t\tDes questions suppl\u00e9mentaires ?\t<\/h2>\n\tFondation canadienne Donner<br \/>\n15 Prince Arthur Avenue, 3rd Floor<br \/>\nToronto, ON M5R 1B2\n<p>T\u00e9l\u00e9phone: 416-920-6400<\/p>\n\t<div class=\"wpforms-container wpforms-container-full\" id=\"wpforms-1375\"><form id=\"wpforms-form-1375\" class=\"wpforms-validate wpforms-form wpforms-ajax-form\" data-formid=\"1375\" method=\"post\" enctype=\"multipart\/form-data\" action=\"\/fr\/wp-json\/wp\/v2\/pages\/1366\" data-token=\"cad3751a9a18d709bb653e3170b9f0d6\" data-token-time=\"1777366669\"><noscript class=\"wpforms-error-noscript\">Veuillez activer JavaScript dans votre navigateur pour remplir ce formulaire.<\/noscript><div class=\"wpforms-field-container\"><div id=\"wpforms-1375-field_1-container\" class=\"wpforms-field wpforms-field-name\" data-field-id=\"1\"><label class=\"wpforms-field-label\" for=\"wpforms-1375-field_1\">NOM (REQUIS) <span class=\"wpforms-required-label\">*<\/span><\/label><input type=\"text\" id=\"wpforms-1375-field_1\" class=\"wpforms-field-large wpforms-field-required\" name=\"wpforms[fields][1]\" placeholder=\"Pr\u00e9nom Nom\" required><\/div><div id=\"wpforms-1375-field_2-container\" class=\"wpforms-field wpforms-field-email\" data-field-id=\"2\"><label class=\"wpforms-field-label\" for=\"wpforms-1375-field_2\">ADRESSE COURRIEL (REQUISE) <span class=\"wpforms-required-label\">*<\/span><\/label><input type=\"email\" id=\"wpforms-1375-field_2\" class=\"wpforms-field-large wpforms-field-required\" name=\"wpforms[fields][2]\" placeholder=\"nom@courriel.com\" spellcheck=\"false\" required><\/div><div id=\"wpforms-1375-field_4-container\" class=\"wpforms-field wpforms-field-textarea\" data-field-id=\"4\"><label class=\"wpforms-field-label\" for=\"wpforms-1375-field_4\">MESSAGE (REQUIS) <span class=\"wpforms-required-label\">*<\/span><\/label><textarea id=\"wpforms-1375-field_4\" class=\"wpforms-field-medium wpforms-field-required\" name=\"wpforms[fields][4]\" placeholder=\"S&#039;il vous pla\u00eet poser votre question ici\" required><\/textarea><\/div><\/div><!-- .wpforms-field-container --><div class=\"wpforms-recaptcha-container wpforms-is-recaptcha wpforms-is-recaptcha-type-v3\" ><input type=\"hidden\" name=\"wpforms[recaptcha]\" value=\"\"><\/div><div class=\"wpforms-submit-container\" ><input type=\"hidden\" name=\"wpforms[id]\" value=\"1375\"><input type=\"hidden\" name=\"page_title\" value=\"\"><input type=\"hidden\" name=\"page_url\" value=\"https:\/\/donner.ca\/fr\/wp-json\/wp\/v2\/pages\/1366\"><input type=\"hidden\" name=\"url_referer\" value=\"\"><button type=\"submit\" name=\"wpforms[submit]\" id=\"wpforms-submit-1375\" class=\"wpforms-submit btn-round red noarrow\" data-alt-text=\"Sending...\" data-submit-text=\"Envoyer\" aria-live=\"assertive\" value=\"wpforms-submit\">Envoyer<\/button><img decoding=\"async\" src=\"https:\/\/donner.ca\/wp-content\/plugins\/wpforms\/assets\/images\/submit-spin.svg\" class=\"wpforms-submit-spinner\" style=\"display: none;\" width=\"26\" height=\"26\" alt=\"Chargement en cours\"><\/div><\/form><\/div>  <!-- .wpforms-container -->\n\n","protected":false},"excerpt":{"rendered":"<p>Nous contacter Trouvez ici les r\u00e9ponses aux questions fr\u00e9quemment pos\u00e9es ou contactez-nous pour plus d&rsquo;informations. Foire aux questions Avant de nous contacter, nous vous invitons \u00e0 voir si vous trouvez la r\u00e9ponse \u00e0 votre question. Comment puis-je faire une demande de subvention aupr\u00e8s de la fondation ? Les subventions de la fondation se font sur&hellip;<\/p>\n","protected":false},"author":2,"featured_media":1024,"parent":0,"menu_order":0,"comment_status":"closed","ping_status":"closed","template":"","meta":{"_acf_changed":false,"inline_featured_image":false,"footnotes":""},"class_list":["post-1366","page","type-page","status-publish","has-post-thumbnail","hentry"],"acf":[],"yoast_head":"<!-- This site is optimized with the Yoast SEO plugin v27.4 - https:\/\/yoast.com\/product\/yoast-seo-wordpress\/ -->\n<title>Nous contacter - Donner Canadian Foundation<\/title>\n<meta name=\"description\" content=\"Trouvez ici les r\u00e9ponses aux questions fr\u00e9quemment pos\u00e9es ou contactez-nous pour plus d\u2019informations.\" \/>\n<meta name=\"robots\" content=\"index, follow, max-snippet:-1, max-image-preview:large, max-video-preview:-1\" \/>\n<link rel=\"canonical\" href=\"https:\/\/donner.ca\/fr\/nous-contacter\/\" \/>\n<meta property=\"og:locale\" content=\"fr_FR\" \/>\n<meta property=\"og:type\" content=\"article\" \/>\n<meta property=\"og:title\" content=\"Nous contacter - Donner Canadian Foundation\" \/>\n<meta property=\"og:description\" content=\"Trouvez ici les r\u00e9ponses aux questions fr\u00e9quemment pos\u00e9es ou contactez-nous pour plus d\u2019informations.\" \/>\n<meta property=\"og:url\" content=\"https:\/\/donner.ca\/fr\/nous-contacter\/\" \/>\n<meta property=\"og:site_name\" content=\"Donner Canadian Foundation\" \/>\n<meta property=\"article:modified_time\" content=\"2026-01-21T19:52:10+00:00\" \/>\n<meta property=\"og:image\" content=\"https:\/\/donner.ca\/wp-content\/uploads\/placeholder-red.jpg\" \/>\n\t<meta property=\"og:image:width\" content=\"280\" \/>\n\t<meta property=\"og:image:height\" content=\"280\" \/>\n\t<meta property=\"og:image:type\" content=\"image\/jpeg\" \/>\n<meta name=\"twitter:card\" content=\"summary_large_image\" \/>\n<meta name=\"twitter:label1\" content=\"Dur\u00e9e de lecture estim\u00e9e\" \/>\n\t<meta name=\"twitter:data1\" content=\"2 minutes\" \/>\n<script type=\"application\/ld+json\" class=\"yoast-schema-graph\">{\"@context\":\"https:\\\/\\\/schema.org\",\"@graph\":[{\"@type\":\"WebPage\",\"@id\":\"https:\\\/\\\/donner.ca\\\/fr\\\/nous-contacter\\\/\",\"url\":\"https:\\\/\\\/donner.ca\\\/fr\\\/nous-contacter\\\/\",\"name\":\"Nous contacter - Donner Canadian Foundation\",\"isPartOf\":{\"@id\":\"https:\\\/\\\/donner.ca\\\/fr\\\/#website\"},\"primaryImageOfPage\":{\"@id\":\"https:\\\/\\\/donner.ca\\\/fr\\\/nous-contacter\\\/#primaryimage\"},\"image\":{\"@id\":\"https:\\\/\\\/donner.ca\\\/fr\\\/nous-contacter\\\/#primaryimage\"},\"thumbnailUrl\":\"https:\\\/\\\/donner.ca\\\/wp-content\\\/uploads\\\/placeholder-red.jpg\",\"datePublished\":\"2022-11-22T13:37:26+00:00\",\"dateModified\":\"2026-01-21T19:52:10+00:00\",\"description\":\"Trouvez ici les r\u00e9ponses aux questions fr\u00e9quemment pos\u00e9es ou contactez-nous pour plus d\u2019informations.\",\"breadcrumb\":{\"@id\":\"https:\\\/\\\/donner.ca\\\/fr\\\/nous-contacter\\\/#breadcrumb\"},\"inLanguage\":\"fr-FR\",\"potentialAction\":[{\"@type\":\"ReadAction\",\"target\":[\"https:\\\/\\\/donner.ca\\\/fr\\\/nous-contacter\\\/\"]}]},{\"@type\":\"ImageObject\",\"inLanguage\":\"fr-FR\",\"@id\":\"https:\\\/\\\/donner.ca\\\/fr\\\/nous-contacter\\\/#primaryimage\",\"url\":\"https:\\\/\\\/donner.ca\\\/wp-content\\\/uploads\\\/placeholder-red.jpg\",\"contentUrl\":\"https:\\\/\\\/donner.ca\\\/wp-content\\\/uploads\\\/placeholder-red.jpg\",\"width\":280,\"height\":280},{\"@type\":\"BreadcrumbList\",\"@id\":\"https:\\\/\\\/donner.ca\\\/fr\\\/nous-contacter\\\/#breadcrumb\",\"itemListElement\":[{\"@type\":\"ListItem\",\"position\":1,\"name\":\"Home\",\"item\":\"https:\\\/\\\/donner.ca\\\/fr\\\/\"},{\"@type\":\"ListItem\",\"position\":2,\"name\":\"Nous contacter\"}]},{\"@type\":\"WebSite\",\"@id\":\"https:\\\/\\\/donner.ca\\\/fr\\\/#website\",\"url\":\"https:\\\/\\\/donner.ca\\\/fr\\\/\",\"name\":\"Donner Canadian Foundation\",\"description\":\"Philanthropy Rooted in Five Generations\",\"potentialAction\":[{\"@type\":\"SearchAction\",\"target\":{\"@type\":\"EntryPoint\",\"urlTemplate\":\"https:\\\/\\\/donner.ca\\\/fr\\\/?s={search_term_string}\"},\"query-input\":{\"@type\":\"PropertyValueSpecification\",\"valueRequired\":true,\"valueName\":\"search_term_string\"}}],\"inLanguage\":\"fr-FR\"}]}<\/script>\n<!-- \/ Yoast SEO plugin. -->","yoast_head_json":{"title":"Nous contacter - Donner Canadian Foundation","description":"Trouvez ici les r\u00e9ponses aux questions fr\u00e9quemment pos\u00e9es ou contactez-nous pour plus d\u2019informations.","robots":{"index":"index","follow":"follow","max-snippet":"max-snippet:-1","max-image-preview":"max-image-preview:large","max-video-preview":"max-video-preview:-1"},"canonical":"https:\/\/donner.ca\/fr\/nous-contacter\/","og_locale":"fr_FR","og_type":"article","og_title":"Nous contacter - Donner Canadian Foundation","og_description":"Trouvez ici les r\u00e9ponses aux questions fr\u00e9quemment pos\u00e9es ou contactez-nous pour plus d\u2019informations.","og_url":"https:\/\/donner.ca\/fr\/nous-contacter\/","og_site_name":"Donner Canadian Foundation","article_modified_time":"2026-01-21T19:52:10+00:00","og_image":[{"width":280,"height":280,"url":"https:\/\/donner.ca\/wp-content\/uploads\/placeholder-red.jpg","type":"image\/jpeg"}],"twitter_card":"summary_large_image","twitter_misc":{"Dur\u00e9e de lecture estim\u00e9e":"2 minutes"},"schema":{"@context":"https:\/\/schema.org","@graph":[{"@type":"WebPage","@id":"https:\/\/donner.ca\/fr\/nous-contacter\/","url":"https:\/\/donner.ca\/fr\/nous-contacter\/","name":"Nous contacter - Donner Canadian Foundation","isPartOf":{"@id":"https:\/\/donner.ca\/fr\/#website"},"primaryImageOfPage":{"@id":"https:\/\/donner.ca\/fr\/nous-contacter\/#primaryimage"},"image":{"@id":"https:\/\/donner.ca\/fr\/nous-contacter\/#primaryimage"},"thumbnailUrl":"https:\/\/donner.ca\/wp-content\/uploads\/placeholder-red.jpg","datePublished":"2022-11-22T13:37:26+00:00","dateModified":"2026-01-21T19:52:10+00:00","description":"Trouvez ici les r\u00e9ponses aux questions fr\u00e9quemment pos\u00e9es ou contactez-nous pour plus d\u2019informations.","breadcrumb":{"@id":"https:\/\/donner.ca\/fr\/nous-contacter\/#breadcrumb"},"inLanguage":"fr-FR","potentialAction":[{"@type":"ReadAction","target":["https:\/\/donner.ca\/fr\/nous-contacter\/"]}]},{"@type":"ImageObject","inLanguage":"fr-FR","@id":"https:\/\/donner.ca\/fr\/nous-contacter\/#primaryimage","url":"https:\/\/donner.ca\/wp-content\/uploads\/placeholder-red.jpg","contentUrl":"https:\/\/donner.ca\/wp-content\/uploads\/placeholder-red.jpg","width":280,"height":280},{"@type":"BreadcrumbList","@id":"https:\/\/donner.ca\/fr\/nous-contacter\/#breadcrumb","itemListElement":[{"@type":"ListItem","position":1,"name":"Home","item":"https:\/\/donner.ca\/fr\/"},{"@type":"ListItem","position":2,"name":"Nous contacter"}]},{"@type":"WebSite","@id":"https:\/\/donner.ca\/fr\/#website","url":"https:\/\/donner.ca\/fr\/","name":"Donner Canadian Foundation","description":"Philanthropy Rooted in Five Generations","potentialAction":[{"@type":"SearchAction","target":{"@type":"EntryPoint","urlTemplate":"https:\/\/donner.ca\/fr\/?s={search_term_string}"},"query-input":{"@type":"PropertyValueSpecification","valueRequired":true,"valueName":"search_term_string"}}],"inLanguage":"fr-FR"}]}},"_links":{"self":[{"href":"https:\/\/donner.ca\/fr\/wp-json\/wp\/v2\/pages\/1366","targetHints":{"allow":["GET"]}}],"collection":[{"href":"https:\/\/donner.ca\/fr\/wp-json\/wp\/v2\/pages"}],"about":[{"href":"https:\/\/donner.ca\/fr\/wp-json\/wp\/v2\/types\/page"}],"author":[{"embeddable":true,"href":"https:\/\/donner.ca\/fr\/wp-json\/wp\/v2\/users\/2"}],"replies":[{"embeddable":true,"href":"https:\/\/donner.ca\/fr\/wp-json\/wp\/v2\/comments?post=1366"}],"version-history":[{"count":0,"href":"https:\/\/donner.ca\/fr\/wp-json\/wp\/v2\/pages\/1366\/revisions"}],"wp:featuredmedia":[{"embeddable":true,"href":"https:\/\/donner.ca\/fr\/wp-json\/wp\/v2\/media\/1024"}],"wp:attachment":[{"href":"https:\/\/donner.ca\/fr\/wp-json\/wp\/v2\/media?parent=1366"}],"curies":[{"name":"wp","href":"https:\/\/api.w.org\/{rel}","templated":true}]}}