{"id":411,"date":"2022-01-24T21:40:44","date_gmt":"2022-01-24T21:40:44","guid":{"rendered":"https:\/\/dcf.pairsite.com\/accueil\/"},"modified":"2023-04-18T14:06:13","modified_gmt":"2023-04-18T14:06:13","slug":"accueil","status":"publish","type":"page","link":"https:\/\/donner.ca\/fr\/","title":{"rendered":"Accueil"},"content":{"rendered":"\n<h1>\n\t\tBienvenue \u00e0 la Fondation canadienne Donner\n\t<\/h1>\n    <a aria-label=\"Naviguer au contenu principal\" href=\"#main-content\">\n        <img decoding=\"async\" src=\"\/wp-content\/uploads\/Arrow-Down-Red.svg\" alt=\"\" \/>\n    <\/a>\n<h2>\n\t\tUne philanthrophie enracin\u00e9e dans cinq g\u00e9n\u00e9rations\n\t<\/h2>\n\t<p>La Fondation canadienne Donner est une fondation familiale qui investit dans des solutions cr\u00e9atives \u00e0 des probl\u00e8mes critiques auxquels sont confront\u00e9s le Canada et le monde. Nous soutenons des initiatives aux niveaux communautaire, national, et international.<\/p>\n\t\t\t<a href=\"https:\/\/donner.ca\/fr\/notre-histoire\/\" target=\"_self\" role=\"button\" rel=\"noopener\">\n\t\t\t\t\t\t\tD\u00e9couvrez notre histoire\n\t\t\t\t\t<\/a>\n\t\t\t\t<img decoding=\"async\" src=\"https:\/\/\tdonner.ca\/wp-content\/uploads\/Large-Hero-Branches.svg\" alt=\"Large Hero Branches\" itemprop=\"image\" title=\"Large Hero Branches\" onerror=\"this.style.display='none'\"  \/>\n<h5>\n\t\tReconnaissance des territoires\n\t<\/h5>\n\t<p><em>Les bureaux de la Fondation canadienne Donner se trouvent sur le territoire traditionnel de nombreuses nations, notamment les Anishnabeg, les Chippewa, les Haudenosaunee, et les Wendats, ainsi que les Mississaugas du Cr\u00e9dit. Bien que l&rsquo;\u00e9quipe de la fondation travaille \u00e0 Toronto, son programme de subventions couvre les territoires de nombreux Premi\u00e8res Nations, Inuit, et M\u00e9tis dont nous sommes reconnaissants pour leur leadership et intendance. En tant que signataire de la <a href=\"https:\/\/www.the-circle.ca\/the-declaration.html\" target=\"_blank\" rel=\"noopener\">D\u00e9claration d&rsquo;Action de la Communaut\u00e9 Philanthropique (ENG)<\/a>, la Fondation s&rsquo;engage \u00e0 apprendre, \u00e0 b\u00e2tir des relations et \u00e0 utiliser ses ressources &#8211; de concert avec les communaut\u00e9s autochtones &#8211; pour soutenir la r\u00e9conciliation.<\/em><\/p>\n\n","protected":false},"excerpt":{"rendered":"<p>Bienvenue \u00e0 la Fondation canadienne Donner Une philanthrophie enracin\u00e9e dans cinq g\u00e9n\u00e9rations La Fondation canadienne Donner est une fondation familiale qui investit dans des solutions cr\u00e9atives \u00e0 des probl\u00e8mes critiques auxquels sont confront\u00e9s le Canada et le monde. Nous soutenons des initiatives aux niveaux communautaire, national, et international. D\u00e9couvrez notre histoire Reconnaissance des territoires Les&hellip;<\/p>\n","protected":false},"author":2,"featured_media":1024,"parent":0,"menu_order":0,"comment_status":"closed","ping_status":"closed","template":"","meta":{"_acf_changed":false,"inline_featured_image":false,"footnotes":""},"class_list":["post-411","page","type-page","status-publish","has-post-thumbnail","hentry"],"acf":[],"yoast_head":"<!-- This site is optimized with the Yoast SEO plugin v27.4 - https:\/\/yoast.com\/product\/yoast-seo-wordpress\/ -->\n<title>Accueil - Donner Canadian Foundation<\/title>\n<meta name=\"description\" content=\"La Fondation canadienne Donner est une fondation familiale qui investit dans des solutions cr\u00e9atives \u00e0 des probl\u00e8mes critiques auxquels sont confront\u00e9s le Canada et le monde.\" \/>\n<meta name=\"robots\" content=\"index, follow, max-snippet:-1, max-image-preview:large, max-video-preview:-1\" \/>\n<link rel=\"canonical\" href=\"https:\/\/donner.ca\/fr\/\" \/>\n<meta property=\"og:locale\" content=\"fr_FR\" \/>\n<meta property=\"og:type\" content=\"article\" \/>\n<meta property=\"og:title\" content=\"Accueil - Donner Canadian Foundation\" \/>\n<meta property=\"og:description\" content=\"La Fondation canadienne Donner est une fondation familiale qui investit dans des solutions cr\u00e9atives \u00e0 des probl\u00e8mes critiques auxquels sont confront\u00e9s le Canada et le monde.\" \/>\n<meta property=\"og:url\" content=\"https:\/\/donner.ca\/fr\/\" \/>\n<meta property=\"og:site_name\" content=\"Donner Canadian Foundation\" \/>\n<meta property=\"article:modified_time\" content=\"2023-04-18T14:06:13+00:00\" \/>\n<meta property=\"og:image\" content=\"https:\/\/donner.ca\/wp-content\/uploads\/placeholder-red.jpg\" \/>\n\t<meta property=\"og:image:width\" content=\"280\" \/>\n\t<meta property=\"og:image:height\" content=\"280\" \/>\n\t<meta property=\"og:image:type\" content=\"image\/jpeg\" \/>\n<meta name=\"twitter:card\" content=\"summary_large_image\" \/>\n<meta name=\"twitter:label1\" content=\"Dur\u00e9e de lecture estim\u00e9e\" \/>\n\t<meta name=\"twitter:data1\" content=\"1 minute\" \/>\n<script type=\"application\/ld+json\" class=\"yoast-schema-graph\">{\"@context\":\"https:\\\/\\\/schema.org\",\"@graph\":[{\"@type\":\"WebPage\",\"@id\":\"https:\\\/\\\/donner.ca\\\/fr\\\/\",\"url\":\"https:\\\/\\\/donner.ca\\\/fr\\\/\",\"name\":\"Accueil - Donner Canadian Foundation\",\"isPartOf\":{\"@id\":\"https:\\\/\\\/donner.ca\\\/fr\\\/#website\"},\"primaryImageOfPage\":{\"@id\":\"https:\\\/\\\/donner.ca\\\/fr\\\/#primaryimage\"},\"image\":{\"@id\":\"https:\\\/\\\/donner.ca\\\/fr\\\/#primaryimage\"},\"thumbnailUrl\":\"https:\\\/\\\/donner.ca\\\/wp-content\\\/uploads\\\/placeholder-red.jpg\",\"datePublished\":\"2022-01-24T21:40:44+00:00\",\"dateModified\":\"2023-04-18T14:06:13+00:00\",\"description\":\"La Fondation canadienne Donner est une fondation familiale qui investit dans des solutions cr\u00e9atives \u00e0 des probl\u00e8mes critiques auxquels sont confront\u00e9s le Canada et le monde.\",\"breadcrumb\":{\"@id\":\"https:\\\/\\\/donner.ca\\\/fr\\\/#breadcrumb\"},\"inLanguage\":\"fr-FR\",\"potentialAction\":[{\"@type\":\"ReadAction\",\"target\":[\"https:\\\/\\\/donner.ca\\\/fr\\\/\"]}]},{\"@type\":\"ImageObject\",\"inLanguage\":\"fr-FR\",\"@id\":\"https:\\\/\\\/donner.ca\\\/fr\\\/#primaryimage\",\"url\":\"https:\\\/\\\/donner.ca\\\/wp-content\\\/uploads\\\/placeholder-red.jpg\",\"contentUrl\":\"https:\\\/\\\/donner.ca\\\/wp-content\\\/uploads\\\/placeholder-red.jpg\",\"width\":280,\"height\":280},{\"@type\":\"BreadcrumbList\",\"@id\":\"https:\\\/\\\/donner.ca\\\/fr\\\/#breadcrumb\",\"itemListElement\":[{\"@type\":\"ListItem\",\"position\":1,\"name\":\"Home\",\"item\":\"https:\\\/\\\/donner.ca\\\/fr\\\/\"},{\"@type\":\"ListItem\",\"position\":2,\"name\":\"Accueil\"}]},{\"@type\":\"WebSite\",\"@id\":\"https:\\\/\\\/donner.ca\\\/fr\\\/#website\",\"url\":\"https:\\\/\\\/donner.ca\\\/fr\\\/\",\"name\":\"Donner Canadian Foundation\",\"description\":\"Philanthropy Rooted in Five Generations\",\"potentialAction\":[{\"@type\":\"SearchAction\",\"target\":{\"@type\":\"EntryPoint\",\"urlTemplate\":\"https:\\\/\\\/donner.ca\\\/fr\\\/?s={search_term_string}\"},\"query-input\":{\"@type\":\"PropertyValueSpecification\",\"valueRequired\":true,\"valueName\":\"search_term_string\"}}],\"inLanguage\":\"fr-FR\"}]}<\/script>\n<!-- \/ Yoast SEO plugin. -->","yoast_head_json":{"title":"Accueil - Donner Canadian Foundation","description":"La Fondation canadienne Donner est une fondation familiale qui investit dans des solutions cr\u00e9atives \u00e0 des probl\u00e8mes critiques auxquels sont confront\u00e9s le Canada et le monde.","robots":{"index":"index","follow":"follow","max-snippet":"max-snippet:-1","max-image-preview":"max-image-preview:large","max-video-preview":"max-video-preview:-1"},"canonical":"https:\/\/donner.ca\/fr\/","og_locale":"fr_FR","og_type":"article","og_title":"Accueil - Donner Canadian Foundation","og_description":"La Fondation canadienne Donner est une fondation familiale qui investit dans des solutions cr\u00e9atives \u00e0 des probl\u00e8mes critiques auxquels sont confront\u00e9s le Canada et le monde.","og_url":"https:\/\/donner.ca\/fr\/","og_site_name":"Donner Canadian Foundation","article_modified_time":"2023-04-18T14:06:13+00:00","og_image":[{"width":280,"height":280,"url":"https:\/\/donner.ca\/wp-content\/uploads\/placeholder-red.jpg","type":"image\/jpeg"}],"twitter_card":"summary_large_image","twitter_misc":{"Dur\u00e9e de lecture estim\u00e9e":"1 minute"},"schema":{"@context":"https:\/\/schema.org","@graph":[{"@type":"WebPage","@id":"https:\/\/donner.ca\/fr\/","url":"https:\/\/donner.ca\/fr\/","name":"Accueil - Donner Canadian Foundation","isPartOf":{"@id":"https:\/\/donner.ca\/fr\/#website"},"primaryImageOfPage":{"@id":"https:\/\/donner.ca\/fr\/#primaryimage"},"image":{"@id":"https:\/\/donner.ca\/fr\/#primaryimage"},"thumbnailUrl":"https:\/\/donner.ca\/wp-content\/uploads\/placeholder-red.jpg","datePublished":"2022-01-24T21:40:44+00:00","dateModified":"2023-04-18T14:06:13+00:00","description":"La Fondation canadienne Donner est une fondation familiale qui investit dans des solutions cr\u00e9atives \u00e0 des probl\u00e8mes critiques auxquels sont confront\u00e9s le Canada et le monde.","breadcrumb":{"@id":"https:\/\/donner.ca\/fr\/#breadcrumb"},"inLanguage":"fr-FR","potentialAction":[{"@type":"ReadAction","target":["https:\/\/donner.ca\/fr\/"]}]},{"@type":"ImageObject","inLanguage":"fr-FR","@id":"https:\/\/donner.ca\/fr\/#primaryimage","url":"https:\/\/donner.ca\/wp-content\/uploads\/placeholder-red.jpg","contentUrl":"https:\/\/donner.ca\/wp-content\/uploads\/placeholder-red.jpg","width":280,"height":280},{"@type":"BreadcrumbList","@id":"https:\/\/donner.ca\/fr\/#breadcrumb","itemListElement":[{"@type":"ListItem","position":1,"name":"Home","item":"https:\/\/donner.ca\/fr\/"},{"@type":"ListItem","position":2,"name":"Accueil"}]},{"@type":"WebSite","@id":"https:\/\/donner.ca\/fr\/#website","url":"https:\/\/donner.ca\/fr\/","name":"Donner Canadian Foundation","description":"Philanthropy Rooted in Five Generations","potentialAction":[{"@type":"SearchAction","target":{"@type":"EntryPoint","urlTemplate":"https:\/\/donner.ca\/fr\/?s={search_term_string}"},"query-input":{"@type":"PropertyValueSpecification","valueRequired":true,"valueName":"search_term_string"}}],"inLanguage":"fr-FR"}]}},"_links":{"self":[{"href":"https:\/\/donner.ca\/fr\/wp-json\/wp\/v2\/pages\/411","targetHints":{"allow":["GET"]}}],"collection":[{"href":"https:\/\/donner.ca\/fr\/wp-json\/wp\/v2\/pages"}],"about":[{"href":"https:\/\/donner.ca\/fr\/wp-json\/wp\/v2\/types\/page"}],"author":[{"embeddable":true,"href":"https:\/\/donner.ca\/fr\/wp-json\/wp\/v2\/users\/2"}],"replies":[{"embeddable":true,"href":"https:\/\/donner.ca\/fr\/wp-json\/wp\/v2\/comments?post=411"}],"version-history":[{"count":0,"href":"https:\/\/donner.ca\/fr\/wp-json\/wp\/v2\/pages\/411\/revisions"}],"wp:featuredmedia":[{"embeddable":true,"href":"https:\/\/donner.ca\/fr\/wp-json\/wp\/v2\/media\/1024"}],"wp:attachment":[{"href":"https:\/\/donner.ca\/fr\/wp-json\/wp\/v2\/media?parent=411"}],"curies":[{"name":"wp","href":"https:\/\/api.w.org\/{rel}","templated":true}]}}